{"id":1369,"date":"2025-03-11T18:03:25","date_gmt":"2025-03-11T17:03:25","guid":{"rendered":"https:\/\/www.gym-karvina.cz\/burza\/?page_id=1369"},"modified":"2025-03-14T09:10:36","modified_gmt":"2025-03-14T08:10:36","slug":"zasady","status":"publish","type":"page","link":"https:\/\/www.gym-karvina.cz\/burza\/zasady\/","title":{"rendered":"Z\u00e1sady ochrany osobn\u00edch \u00fadaj\u016f"},"content":{"rendered":"","protected":false},"excerpt":{"rendered":"","protected":false},"author":12,"featured_media":0,"parent":0,"menu_order":0,"comment_status":"closed","ping_status":"closed","template":"zasady.php","meta":{"footnotes":""},"class_list":["post-1369","page","type-page","status-publish","hentry"],"_links":{"self":[{"href":"https:\/\/www.gym-karvina.cz\/burza\/wp-json\/wp\/v2\/pages\/1369","targetHints":{"allow":["GET"]}}],"collection":[{"href":"https:\/\/www.gym-karvina.cz\/burza\/wp-json\/wp\/v2\/pages"}],"about":[{"href":"https:\/\/www.gym-karvina.cz\/burza\/wp-json\/wp\/v2\/types\/page"}],"author":[{"embeddable":true,"href":"https:\/\/www.gym-karvina.cz\/burza\/wp-json\/wp\/v2\/users\/12"}],"replies":[{"embeddable":true,"href":"https:\/\/www.gym-karvina.cz\/burza\/wp-json\/wp\/v2\/comments?post=1369"}],"version-history":[{"count":1,"href":"https:\/\/www.gym-karvina.cz\/burza\/wp-json\/wp\/v2\/pages\/1369\/revisions"}],"predecessor-version":[{"id":1370,"href":"https:\/\/www.gym-karvina.cz\/burza\/wp-json\/wp\/v2\/pages\/1369\/revisions\/1370"}],"wp:attachment":[{"href":"https:\/\/www.gym-karvina.cz\/burza\/wp-json\/wp\/v2\/media?parent=1369"}],"curies":[{"name":"wp","href":"https:\/\/api.w.org\/{rel}","templated":true}]}}