{"id":345,"date":"2025-01-04T16:41:43","date_gmt":"2025-01-04T15:41:43","guid":{"rendered":"https:\/\/www.gym-karvina.cz\/burza\/?page_id=345"},"modified":"2025-01-08T09:17:31","modified_gmt":"2025-01-08T08:17:31","slug":"zaregistrovat","status":"publish","type":"page","link":"https:\/\/www.gym-karvina.cz\/burza\/zaregistrovat\/","title":{"rendered":"Zaregistrovat"},"content":{"rendered":"\t\t<div data-elementor-type=\"wp-page\" data-elementor-id=\"345\" class=\"elementor elementor-345\">\n\t\t\t\t<div class=\"elementor-element elementor-element-3ce0194 e-con-full e-flex e-con e-parent\" data-id=\"3ce0194\" data-element_type=\"container\" data-e-type=\"container\">\n\t\t\t\t<div class=\"elementor-element elementor-element-9c262d8 elementor-widget elementor-widget-shortcode\" data-id=\"9c262d8\" data-element_type=\"widget\" data-e-type=\"widget\" data-widget_type=\"shortcode.default\">\n\t\t\t\t<div class=\"elementor-widget-container\">\n\t\t\t\t\t<!DOCTYPE html>\n<html lang=\"cs\">\n<head>\n  <meta charset=\"UTF-8\">\n  <meta name=\"viewport\" content=\"width=device-width, initial-scale=1.0\">\n  <title>Burza u\u010debnic<\/title>\n  <style>\n    .login-banner {\n      background: white;\n      color: #214EA0;\n      text-align: center;\n      padding: 5px 0;\n      font-size: 14px;\n      \n    }\n\n    body {\n      margin: 0;\n      font-family: Ubuntu, sans-serif;\n      font-weight: 500;\n    }\n\n    .header {\n      position: fixed;\n      top: 0;\n      left: 0;\n      width: 100%;\n      z-index: 1000;\n    }\n\n    .header-top {\n      background-color: #214EA0;\n      color: white;\n      padding: 20px 0;\n      box-sizing: border-box;\n    }\n\n    \/* Zbytek p\u016fvodn\u00edho CSS z\u016fst\u00e1v\u00e1 stejn\u00fd *\/\n    .header .container {\n      max-width: 1200px;\n      margin: 0 auto;\n      padding: 0 20px;\n      display: flex;\n      align-items: center;\n      justify-content: space-between;\n    }\n\n    .header .logo {\n      display: flex;\n      align-items: center;\n    }\n\n    .header .logo img {\n      height: 40px;\n      margin-right: 10px;\n    }\n\n    .header .nav {\n      display: flex;\n      align-items: center;\n      gap: 10px;\n    }\n\n    .header .nav a {\n      background-color: #214EA0;\n      color: white;\n      padding: 5px 10px;\n      border-radius: 5px;\n      text-decoration: none;\n      font-weight: 500;\n      transition: 0.4s ease;\n    }\n\n    .header .nav a:hover {\n      background-color: transparent;\n      color: #d5e0f6;\n    }\n\n    .header .nav .button {\n      background-color: white;\n      color: #214EA0;\n      padding: 5px 10px;\n      border-radius: 5px;\n      text-decoration: none;\n      font-weight: 500;\n      transition: 0.2s ease;\n    }\n\n    .header .nav .button:hover {\n      background-color: #d5e0f6;\n      color: #0d1e3f;\n    }\n\n    .header .nav .button2 {\n      background-color: transparent;\n      color: white;\n      margin-right: -6px;\n    }\n\n    .header .nav .button2:hover {\n      background-color: transparent;\n      color: #d5e0f6;\n    }\n\n    .header .nav .ikona {\n      background-color: transparent;\n      transition: 0.4s ease;\n      fill: white;\n      width: 44px;\n    }\n\n    .header .nav .ikona:hover {\n      fill: #d5e0f6;\n      background-color: transparent;\n    }\n\n    .predmety {\n      background-color: white;\n      text-align: center;\n      padding: 10px 0;\n      border-bottom: 0.9px solid rgba(33, 78, 160, 0.2);\n      transition: transform 0.4s ease;\n      transform-origin: top;\n      position: relative;\n      z-index: -1;\n    }\n\n    .predmety.hidden {\n      transform: translateY(-100%);\n    }\n\n    .predmety a {\n      margin: 0 17px;\n      text-decoration: none;\n      color: #4176d8;\n      font-weight: 400;\n      font-size: 14px;\n    }\n\n    .predmety a:hover {\n      color: #0d1e3f;\n    }\n\n    .predmety .button {\n      background-color: #214EA0;\n      color: white;\n      padding: 5px 10px;\n      border-radius: 5px;\n      text-decoration: none;\n      font-weight: 500;\n      transition: 0.2s ease;\n    }\n\n    .predmety .button:hover {\n      background-color: #d5e0f6;\n      color: #0d1e3f;\n    }\n\n    main {\n      padding: 20px;\n    }\n\n    @media (max-width: 820px) {\n      .header .nav, .predmety {\n        display: none;\n      }\n      .header-top .container {\n        flex-direction: row;\n      }\n      .header .logo img {\n        height: 30px;\n      }\n      .hamburger {\n        display: block;\n        background: none;\n        border: none;\n        cursor: pointer;\n        padding: 10px;\n      }\n      .hamburger:hover {\n        background-color: #0d1e3f;\n      }\n      .hamburger span {\n        display: block;\n        width: 25px;\n        height: 3px;\n        background: white;\n        margin: 4px 0;\n        transition: 0.4s;\n      }\n    }\n\n    @media (min-width: 821px) {\n      .hamburger {\n        display: none;\n      }\n    }\n\n    .mobile-menu {\n      position: fixed;\n      top: 0;\n      right: 0;\n      width: 75%;\n      max-width: 300px;\n      height: 100%;\n      background: white;\n      box-shadow: -2px 0 5px rgba(0,0,0,0.3);\n      transform: translateX(100%);\n      transition: transform 0.3s ease;\n      z-index: 1100;\n      padding: 20px;\n    }\n\n    .mobile-menu.active {\n      transform: translateX(0);\n    }\n\n    .mobile-menu a {\n      display: block;\n      margin-bottom: 15px;\n      text-decoration: none;\n      color: #214EA0;\n      font-weight: 500;\n    }\n\n    .mobile-menu a.button {\n      background-color: #214EA0;\n      color: white;\n      padding: 10px;\n      border-radius: 5px;\n      text-align: center;\n    }\n\n    .mobile-menu hr {\n      border: none;\n      border-top: 1px solid #ddd;\n      margin: 20px 0;\n    }\n\n    .mobile-menu .close-btn {\n      position: absolute;\n      top: 0px;\n      right: 10px;\n      font-size: 52px;\n      cursor: pointer;\n      color: #0d1e3f;\n      padding: 10px;\n      padding-top: 0px;\n      transition: color 0.1s ease;\n    }\n\n    .mobile-menu .close-btn:hover {\n      color: #e60000;\n    }\n\n    .mobile-menu .menu-content {\n      margin-top: 70px;\n    }\n  <\/style>\n<\/head>\n<body>\n  <header class=\"header\">\n    <div class=\"login-banner\">\ud83d\udcda Pro zve\u0159ejn\u011bn\u00ed inzer\u00e1tu se pros\u00edm p\u0159ihlaste.<\/div>\n    <div class=\"header-top\">\n      <div class=\"container\">\n        <a href=\"https:\/\/www.gym-karvina.cz\/burza\/\" style=\"text-decoration: none; color: inherit;\">\n          <div class=\"logo\">\n            <img decoding=\"async\" src=\"https:\/\/www.gym-karvina.cz\/burza\/wp-content\/uploads\/2025\/04\/logo-gk.png\" alt=\"Logo\">\n            <span style=\"font-size: 25px;\">Burza u\u010debnic<\/span>\n          <\/div>\n        <\/a>\n        <button class=\"hamburger\">\n          <span><\/span>\n          <span><\/span>\n          <span><\/span>\n        <\/button>\n        <nav class=\"nav\"><a href=\"https:\/\/www.gym-karvina.cz\/burza\/vsechny-ucebnice\" class=\"button\">V\u0161echny knihy<\/a>\n           <a href=\"https:\/\/www.gym-karvina.cz\/burza\/login\/\" style=\"margin-right: -8px;\">P\u0159ihl\u00e1\u0161en\u00ed<\/a>\n           <a href=\"https:\/\/www.gym-karvina.cz\/burza\/zaregistrovat\/\">Registrace<\/a><\/nav>\n      <\/div>\n    <\/div>\n    <div class=\"predmety\">\n      <a href=\"https:\/\/www.gym-karvina.cz\/burza\/category\/cestina\">\u010cesk\u00fd jazyk<\/a>\n      <a href=\"https:\/\/www.gym-karvina.cz\/burza\/category\/anglictina\">Anglick\u00fd jazyk<\/a>\n      <a href=\"https:\/\/www.gym-karvina.cz\/burza\/category\/zemepis\">Zem\u011bpis<\/a>\n      <a href=\"https:\/\/www.gym-karvina.cz\/burza\/category\/fyzika\">Fyzika<\/a>\n      <a href=\"https:\/\/www.gym-karvina.cz\/burza\/category\/dejepis\">D\u011bjepis<\/a>\n      <a href=\"https:\/\/www.gym-karvina.cz\/burza\/category\/spolecenske-vedy\">Spole\u010densk\u00e9 v\u011bdy<\/a>\n      <a href=\"https:\/\/www.gym-karvina.cz\/burza\/predmety\" class=\"button\">V\u0161echny p\u0159edm\u011bty<\/a>\n    <\/div>\n  <\/header>\n\n  <div class=\"mobile-menu\" id=\"mobileMenu\">\n    <div class=\"close-btn\" onclick=\"mobileMenu.classList.remove('active')\">\u00d7<\/div>\n    <div class=\"menu-content\">\n      <a href=\"https:\/\/www.gym-karvina.cz\/burza\/vsechny-ucebnice\" class=\"button\">V\u0161echny knihy<\/a>\n           <a href=\"https:\/\/www.gym-karvina.cz\/burza\/login\/\" class=\"button\">P\u0159ihl\u00e1\u0161en\u00ed<\/a>\n           <a href=\"https:\/\/www.gym-karvina.cz\/burza\/zaregistrovat\/\" class=\"button\">Registrace<\/a>\n      <hr>\n      <a href=\"https:\/\/www.gym-karvina.cz\/burza\/category\/cestina\">\u010cesk\u00fd jazyk<\/a>\n      <a href=\"https:\/\/www.gym-karvina.cz\/burza\/category\/anglictina\">Anglick\u00fd jazyk<\/a>\n      <a href=\"https:\/\/www.gym-karvina.cz\/burza\/category\/zemepis\">Zem\u011bpis<\/a>\n      <a href=\"https:\/\/www.gym-karvina.cz\/burza\/category\/fyzika\">Fyzika<\/a>\n      <a href=\"https:\/\/www.gym-karvina.cz\/burza\/category\/dejepis\">D\u011bjepis<\/a>\n      <a href=\"https:\/\/www.gym-karvina.cz\/burza\/category\/spolecenske-vedy\">Spole\u010densk\u00e9 v\u011bdy<\/a>\n      <a href=\"https:\/\/www.gym-karvina.cz\/burza\/predmety\" class=\"button\">V\u0161echny p\u0159edm\u011bty<\/a>\n    <\/div>\n  <\/div>\n\n  <main style=\"margin-top: 100px;\"><\/main>\n\n  <script>\n    const hamburger = document.querySelector('.hamburger');\n    const mobileMenu = document.getElementById('mobileMenu');\n    const predmety = document.querySelector('.predmety');\n    const headerHeight = document.querySelector('.header-top').offsetHeight;\n\n    hamburger.addEventListener('click', (e) => {\n      e.stopPropagation();\n      mobileMenu.classList.toggle('active');\n    });\n\n    mobileMenu.addEventListener('click', (e) => e.stopPropagation());\n    document.addEventListener('click', () => mobileMenu.classList.remove('active'));\n\n    window.addEventListener('scroll', () => {\n      predmety.classList.toggle('hidden', window.scrollY > headerHeight);\n    });\n  <\/script>\n<\/body>\n<\/html>\t\t<div class=\"elementor-shortcode\"><\/div>\n\t\t\t\t\t\t<\/div>\n\t\t\t\t<\/div>\n\t\t\t\t<\/div>\n\t\t<div class=\"elementor-element elementor-element-64692c4 e-flex e-con-boxed e-con e-parent\" data-id=\"64692c4\" data-element_type=\"container\" data-e-type=\"container\">\n\t\t\t\t\t<div class=\"e-con-inner\">\n\t\t\t\t<div class=\"elementor-element elementor-element-6d17e01 elementor-widget elementor-widget-shortcode\" data-id=\"6d17e01\" data-element_type=\"widget\" data-e-type=\"widget\" data-widget_type=\"shortcode.default\">\n\t\t\t\t<div class=\"elementor-widget-container\">\n\t\t\t\t\t\t\t<div class=\"elementor-shortcode\"><div class=\"registration\" id=\"wpuf-registration-form\">\n\n    \n            \n    <form name=\"registrationform\" class=\"wpuf-registration-form\" id=\"registrationform\" action=\"https:\/\/www.gym-karvina.cz\/burza\/zaregistrovat\/\" method=\"post\">\n\n        <ul class=\"wpuf-form form-label-above\">\n            <li>\n                <div class=\"wpuf-label\">Jm\u00e9no a P\u0159\u00edjmen\u00ed <span class=\"required\">*<\/span><\/div>\n                <div class=\"wpuf-fields\">\n                    <div class=\"wpuf-name-field-wrap format-first-last\">\n                        <div class=\"wpuf-name-field-first-name\">\n                            <input type=\"text\" name=\"reg_fname\" id=\"wpuf-user_fname\" class=\"input\" value=\"\" size=\"\" \/>\n                            <label class=\"wpuf-form-sub-label\">K\u0159estn\u00ed jm\u00e9no<\/label>\n                        <\/div>\n\n                        <div class=\"wpuf-name-field-last-name\">\n                            <input type=\"text\" name=\"reg_lname\" id=\"wpuf-user_lname\" class=\"input\" value=\"\" size=\"16\" \/>\n                            <label class=\"wpuf-form-sub-label\">P\u0159\u00edjmen\u00ed<\/label>\n                        <\/div>\n                    <\/div>\n                <\/div>\n            <\/li>\n\n            <li>\n                <div class=\"wpuf-label\">Email <span class=\"required\">*<\/span><\/div>\n                <div class=\"wpuf-fields\">\n                    <input type=\"text\" name=\"reg_email\" id=\"wpuf-user_email\" class=\"input\" value=\"\" size=\"40\">\n                <\/div>\n            <\/li>\n\n            <li>\n                <div class=\"wpuf-label\">U\u017eivatelsk\u00e9 jm\u00e9no <span class=\"required\">*<\/span><\/div>\n                <div class=\"wpuf-fields\">\n                    <input type=\"text\" name=\"log\" id=\"wpuf-user_login\" class=\"input\" value=\"\" size=\"40\" \/>\n                <\/div>\n            <\/li>\n\n            <li>\n                <div class=\"wpuf-label\">Heslo <span class=\"required\">*<\/span><\/div>\n                <div class=\"wpuf-fields-inline\" style=\"position: relative; width: fit-content\">\n                    <input type=\"password\" name=\"pwd1\" id=\"wpuf-user_pass1\" class=\"input\" value=\"\" size=\"40\" \/>\n                    <img decoding=\"async\" class=\"wpuf-eye\" src=\"https:\/\/www.gym-karvina.cz\/burza\/wp-content\/plugins\/wp-user-frontend\/assets\/images\/eye.svg\" alt=\"\">\n                <\/div>\n            <\/li>\n\n            <li>\n                <div class=\"wpuf-label\">Potvr\u010f heslo <span class=\"required\">*<\/span><\/div>\n                <div class=\"wpuf-fields-inline\" style=\"position: relative; width: fit-content\">\n                    <input type=\"password\" name=\"pwd2\" id=\"wpuf-user_pass2\" class=\"input\" value=\"\" size=\"40\" \/>\n                    <img decoding=\"async\" class=\"wpuf-eye\" src=\"https:\/\/www.gym-karvina.cz\/burza\/wp-content\/plugins\/wp-user-frontend\/assets\/images\/eye.svg\" alt=\"\">\n                <\/div>\n            <\/li>\n\n            <li class=\"wpuf-submit\">\n                <input type=\"submit\" name=\"wp-submit\" id=\"wp-submit\" value=\"Registrovat\" \/>\n                <input type=\"hidden\" name=\"urhidden\" value=\"g9CWfgxdunCv7+CsHuMxvA==\" \/>\n                <input type=\"hidden\" name=\"user_nonce\" value=\"svcBnaF9nm27J8ZHA0BDCfpMaiOpJLTb\" \/>\n                <input type=\"hidden\" name=\"redirect_to\" value=\"\" \/>\n                <input type=\"hidden\" name=\"wpuf_registration\" value=\"true\" \/>\n                <input type=\"hidden\" name=\"action\" value=\"registration\" \/>\n\n                <input type=\"hidden\" id=\"_wpnonce\" name=\"_wpnonce\" value=\"8591e889a0\" \/><input type=\"hidden\" name=\"_wp_http_referer\" value=\"\/burza\/wp-json\/wp\/v2\/pages\/345\" \/>            <\/li>\n\n            <li>\n                <a href=\"https:\/\/www.gym-karvina.cz\/burza\/login\/\">P\u0159ihl\u00e1sit se<\/a> | <a href=\"https:\/\/www.gym-karvina.cz\/burza\/login\/?action=lostpassword\">Zapomenut\u00e9 heslo<\/a>            <\/li>\n\n            \n        <\/ul>\n    <\/form>\n<\/div>\n<\/div>\n\t\t\t\t\t\t<\/div>\n\t\t\t\t<\/div>\n\t\t\t\t\t<\/div>\n\t\t\t\t<\/div>\n\t\t<div class=\"elementor-element elementor-element-86f79cb e-con-full e-flex e-con e-parent\" data-id=\"86f79cb\" data-element_type=\"container\" data-e-type=\"container\">\n\t\t\t\t<div class=\"elementor-element elementor-element-6c187db elementor-widget elementor-widget-shortcode\" data-id=\"6c187db\" data-element_type=\"widget\" data-e-type=\"widget\" data-widget_type=\"shortcode.default\">\n\t\t\t\t<div class=\"elementor-widget-container\">\n\t\t\t\t\t<!DOCTYPE html>\n<html lang=\"cs\">\n<head>\n    <meta charset=\"UTF-8\">\n    <meta name=\"viewport\" content=\"width=device-width, initial-scale=1.0\">\n    <title>Burza u\u010debnic - Pati\u010dka<\/title>\n    <style>\n        .footer {\n            background-color: #214EA0;\n            color: white;\n            padding: 20px 0;\n            box-sizing: border-box;\n            margin-top: 40px;\n        }\n        .footer .container {\n            width: 85%;\n\t\t\tmax-width: 1200px;\n            margin: 0 auto;\n            padding: 0 20px;\n            display: flex;\n            flex-wrap: wrap;\n            justify-content: space-between;\n            gap: 40px;\n        }\n        .footer .column {\n            flex: 1;\n            min-width: 200px;\n        }\n        .footer .column h3 {\n            margin-bottom: 10px;\n            font-size: 18px;\n            font-weight: bold;\n        }\n        .footer .column ul {\n            list-style: none;\n            padding: 0;\n            margin: 0;\n        }\n        .footer .column ul li {\n            margin-bottom: 5px;\n        }\n        .footer .column ul li a {\n            color: white;\n            text-decoration: none;\n            transition: 0.3s ease;\n        }\n        .footer .column ul li a:hover {\n            text-decoration: underline;\n        }\n        .footer .contact-button {\n            display: inline-block;\n            background-color: white;\n            color: #214EA0;\n            padding: 10px 15px;\n            border-radius: 5px;\n            text-decoration: none;\n            font-weight: bold;\n            transition: 0.3s ease;\n        }\n        .footer .contact-button:hover {\n            background-color: #1a3d7f;\n            color: white;\n        }\n        .footer .footer-note {\n            text-align: center;\n            margin-top: 20px;\n            font-size: 14px;\n        }\n        .mobile-break {\n            display: none;\n        }\n\n        \/* Tablety (2 sloupce) *\/\n        @media (max-width: 1130px) {\n            .footer .column {\n                flex: 0 0 calc(50% - 20px);\n            }\n        }\n\n        \/* Mobiln\u00ed za\u0159\u00edzen\u00ed (1 sloupec) *\/\n        @media (max-width: 768px) {\n            .footer .container {\n                flex-direction: column;\n                gap: 40px;\n            }\n            .mobile-break {\n                display: block;\n            }\n        }\n    <\/style>\n<\/head>\n\n<footer class=\"footer\">\n    <div class=\"container\">\n        <!-- P\u0159edm\u011bty -->\n        <div class=\"column\">\n            <h3>Hled\u00e1te toto?<\/h3>\n            <ul>\n                <li><a href=\"https:\/\/www.gym-karvina.cz\/burza\/category\/cestina\">\u010ce\u0161tina<\/a><\/li>\n                <li><a href=\"https:\/\/www.gym-karvina.cz\/burza\/category\/matematika\">Matematika<\/a><\/li>\n                <li><a href=\"https:\/\/www.gym-karvina.cz\/burza\/category\/zemepis\">Zem\u011bpis<\/a><\/li>\n                <li><a href=\"https:\/\/www.gym-karvina.cz\/burza\/category\/spolecenske-vedy\">Spole\u010densk\u00e9 v\u011bdy<\/a><\/li>\n            <\/ul>\n        <\/div>\n\n        <!-- Dynamick\u00fd sloupec \u00da\u010det -->\n        <div class=\"column\">\n            <h3>Chcete prod\u00e1vat?<\/h3>\n            <ul><li><a href=\"https:\/\/www.gym-karvina.cz\/burza\/login\">P\u0159ihl\u00e1sit se<\/a><\/li>\n           <li><a href=\"https:\/\/www.gym-karvina.cz\/burza\/zaregistrovat\">Registrovat se<\/a><\/li><\/ul>\n        <\/div>\n\n        <!-- Dokumenty -->\n        <div class=\"column\">\n            <h3>Dokumenty<\/h3>\n            <ul>\n                <li><a href=\"https:\/\/www.gym-karvina.cz\/burza\/dokumentace\/\">Pro spr\u00e1vce burzy<\/a><\/li>\n                <li><a href=\"https:\/\/www.gym-karvina.cz\/burza\/zasady\">Z\u00e1sady ochrany soukrom\u00ed<\/a><\/li>\n            <\/ul>\n        <\/div>\n\n        <!-- Kontakt -->\n        <div class=\"column\">\n            <h3>Na\u0161li jste chybu?<\/h3>\n            <a href=\"mailto:burza@gym-karvina.cz\" class=\"contact-button\">Kontaktuj n\u00e1s!<\/a>\n        <\/div>\n    <\/div>\n\n    <div class=\"footer-note\">\n        <br>Maturitn\u00ed projekt 2025.<br class=\"mobile-break\">\n        Vytvo\u0159ili Vojta, Martin a Adam. \ud83e\udd0d\n    <\/div>\n<\/footer>\n<\/html>\t\t<div class=\"elementor-shortcode\"><\/div>\n\t\t\t\t\t\t<\/div>\n\t\t\t\t<\/div>\n\t\t\t\t<\/div>\n\t\t\t\t<\/div>\n\t\t","protected":false},"excerpt":{"rendered":"","protected":false},"author":4,"featured_media":0,"parent":0,"menu_order":0,"comment_status":"closed","ping_status":"closed","template":"elementor_canvas","meta":{"footnotes":""},"class_list":["post-345","page","type-page","status-publish","hentry"],"_links":{"self":[{"href":"https:\/\/www.gym-karvina.cz\/burza\/wp-json\/wp\/v2\/pages\/345","targetHints":{"allow":["GET"]}}],"collection":[{"href":"https:\/\/www.gym-karvina.cz\/burza\/wp-json\/wp\/v2\/pages"}],"about":[{"href":"https:\/\/www.gym-karvina.cz\/burza\/wp-json\/wp\/v2\/types\/page"}],"author":[{"embeddable":true,"href":"https:\/\/www.gym-karvina.cz\/burza\/wp-json\/wp\/v2\/users\/4"}],"replies":[{"embeddable":true,"href":"https:\/\/www.gym-karvina.cz\/burza\/wp-json\/wp\/v2\/comments?post=345"}],"version-history":[{"count":31,"href":"https:\/\/www.gym-karvina.cz\/burza\/wp-json\/wp\/v2\/pages\/345\/revisions"}],"predecessor-version":[{"id":948,"href":"https:\/\/www.gym-karvina.cz\/burza\/wp-json\/wp\/v2\/pages\/345\/revisions\/948"}],"wp:attachment":[{"href":"https:\/\/www.gym-karvina.cz\/burza\/wp-json\/wp\/v2\/media?parent=345"}],"curies":[{"name":"wp","href":"https:\/\/api.w.org\/{rel}","templated":true}]}}