{"id":11,"date":"2023-09-22T05:13:49","date_gmt":"2023-09-22T05:13:49","guid":{"rendered":"https:\/\/www.gymplka.cz\/?page_id=11"},"modified":"2024-03-19T13:17:56","modified_gmt":"2024-03-19T12:17:56","slug":"predmety","status":"publish","type":"page","link":"https:\/\/www.gym-karvina.cz\/?page_id=11","title":{"rendered":"P\u0159edm\u011bty"},"content":{"rendered":"\n<div class=\"wp-block-buttons is-content-justification-center is-layout-flex wp-container-core-buttons-is-layout-28206b41 wp-block-buttons-is-layout-flex\">\n<div class=\"wp-block-button\"><a class=\"wp-block-button__link has-white-color has-text-color has-background has-link-color has-text-align-center wp-element-button\" href=\"https:\/\/www.gym-karvina.cz\/?page_id=440\" style=\"border-radius:100px;background-color:#214ea0\">\u010cesk\u00fd jazyk<\/a><\/div>\n\n\n\n<div class=\"wp-block-button\"><a class=\"wp-block-button__link has-white-color has-text-color has-background has-link-color wp-element-button\" href=\"https:\/\/www.gym-karvina.cz\/?page_id=407\" style=\"border-radius:100px;background-color:#214ea0\">Anglick\u00fd jazyk<\/a><\/div>\n\n\n\n<div class=\"wp-block-button\"><a class=\"wp-block-button__link has-white-color has-text-color has-background has-link-color wp-element-button\" href=\"https:\/\/www.gym-karvina.cz\/?page_id=409\" style=\"border-radius:100px;background-color:#214ea0\">Francouzsk\u00fd jazyk<\/a><\/div>\n\n\n\n<div class=\"wp-block-button\"><a class=\"wp-block-button__link has-white-color has-text-color has-background has-link-color wp-element-button\" href=\"https:\/\/www.gym-karvina.cz\/?page_id=411\" style=\"border-radius:100px;background-color:#214ea0\">N\u011bmeck\u00fd jazyk<\/a><\/div>\n\n\n\n<div class=\"wp-block-button\"><a class=\"wp-block-button__link has-white-color has-text-color has-background has-link-color wp-element-button\" href=\"https:\/\/www.gym-karvina.cz\/?page_id=414\" style=\"border-radius:100px;background-color:#214ea0\">Rusk\u00fd jazyk<\/a><\/div>\n\n\n\n<div class=\"wp-block-button\"><a class=\"wp-block-button__link has-white-color has-text-color has-background has-link-color wp-element-button\" href=\"https:\/\/www.gym-karvina.cz\/?page_id=417\" style=\"border-radius:100px;background-color:#214ea0\">\u0160pan\u011blsk\u00fd jazyk<\/a><\/div>\n\n\n\n<div class=\"wp-block-button\"><a class=\"wp-block-button__link has-white-color has-text-color has-background has-link-color wp-element-button\" href=\"https:\/\/www.gym-karvina.cz\/?page_id=419\" style=\"border-radius:100px;background-color:#214ea0\">Matematika<\/a><\/div>\n\n\n\n<div class=\"wp-block-button\"><a class=\"wp-block-button__link has-white-color has-text-color has-background has-link-color wp-element-button\" href=\"https:\/\/www.gym-karvina.cz\/?page_id=421\" style=\"border-radius:100px;background-color:#214ea0\">Fyzika<\/a><\/div>\n\n\n\n<div class=\"wp-block-button\"><a class=\"wp-block-button__link has-white-color has-text-color has-background has-link-color wp-element-button\" href=\"https:\/\/www.gym-karvina.cz\/?page_id=423\" style=\"border-radius:100px;background-color:#214ea0\">Chemie<\/a><\/div>\n\n\n\n<div class=\"wp-block-button\"><a class=\"wp-block-button__link has-white-color has-text-color has-background has-link-color wp-element-button\" href=\"https:\/\/www.gym-karvina.cz\/?page_id=425\" style=\"border-radius:100px;background-color:#214ea0\">Biologie<\/a><\/div>\n\n\n\n<div class=\"wp-block-button\"><a class=\"wp-block-button__link has-white-color has-text-color has-background has-link-color wp-element-button\" href=\"https:\/\/www.gym-karvina.cz\/?page_id=427\" style=\"border-radius:100px;background-color:#214ea0\">Zem\u011bpis<\/a><\/div>\n\n\n\n<div class=\"wp-block-button\"><a class=\"wp-block-button__link has-white-color has-text-color has-background has-link-color wp-element-button\" href=\"https:\/\/www.gym-karvina.cz\/?page_id=429\" style=\"border-radius:100px;background-color:#214ea0\">D\u011bjepis<\/a><\/div>\n\n\n\n<div class=\"wp-block-button\"><a class=\"wp-block-button__link has-white-color has-text-color has-background has-link-color wp-element-button\" href=\"https:\/\/www.gym-karvina.cz\/?page_id=431\" style=\"border-radius:100px;background-color:#214ea0\">Spole\u010densk\u00e9 v\u011bdy<\/a><\/div>\n\n\n\n<div class=\"wp-block-button\"><a class=\"wp-block-button__link has-white-color has-text-color has-background has-link-color wp-element-button\" href=\"https:\/\/www.gym-karvina.cz\/?page_id=434\" style=\"border-radius:100px;background-color:#214ea0\">T\u011blesn\u00e1 v\u00fdchova<\/a><\/div>\n\n\n\n<div class=\"wp-block-button\"><a class=\"wp-block-button__link has-white-color has-text-color has-background has-link-color wp-element-button\" href=\"https:\/\/www.gym-karvina.cz\/?page_id=436\" style=\"border-radius:100px;background-color:#214ea0\">V\u00fdtvarn\u00e1 v\u00fdchova<\/a><\/div>\n\n\n\n<div class=\"wp-block-button\"><a class=\"wp-block-button__link has-white-color has-text-color has-background has-link-color wp-element-button\" href=\"https:\/\/www.gym-karvina.cz\/?page_id=35\" style=\"border-radius:100px;background-color:#214ea0\">Informatika<\/a><\/div>\n<\/div>\n","protected":false},"excerpt":{"rendered":"","protected":false},"author":1,"featured_media":0,"parent":0,"menu_order":0,"comment_status":"closed","ping_status":"closed","template":"","meta":{"footnotes":""},"class_list":["post-11","page","type-page","status-publish","hentry"],"_links":{"self":[{"href":"https:\/\/www.gym-karvina.cz\/index.php?rest_route=\/wp\/v2\/pages\/11","targetHints":{"allow":["GET"]}}],"collection":[{"href":"https:\/\/www.gym-karvina.cz\/index.php?rest_route=\/wp\/v2\/pages"}],"about":[{"href":"https:\/\/www.gym-karvina.cz\/index.php?rest_route=\/wp\/v2\/types\/page"}],"author":[{"embeddable":true,"href":"https:\/\/www.gym-karvina.cz\/index.php?rest_route=\/wp\/v2\/users\/1"}],"replies":[{"embeddable":true,"href":"https:\/\/www.gym-karvina.cz\/index.php?rest_route=%2Fwp%2Fv2%2Fcomments&post=11"}],"version-history":[{"count":12,"href":"https:\/\/www.gym-karvina.cz\/index.php?rest_route=\/wp\/v2\/pages\/11\/revisions"}],"predecessor-version":[{"id":2173,"href":"https:\/\/www.gym-karvina.cz\/index.php?rest_route=\/wp\/v2\/pages\/11\/revisions\/2173"}],"wp:attachment":[{"href":"https:\/\/www.gym-karvina.cz\/index.php?rest_route=%2Fwp%2Fv2%2Fmedia&parent=11"}],"curies":[{"name":"wp","href":"https:\/\/api.w.org\/{rel}","templated":true}]}}