{"id":1710,"date":"2024-03-05T11:54:03","date_gmt":"2024-03-05T10:54:03","guid":{"rendered":"https:\/\/www.gymplka.cz\/?page_id=1710"},"modified":"2024-03-06T12:16:07","modified_gmt":"2024-03-06T11:16:07","slug":"01-ivt-hardware","status":"publish","type":"page","link":"https:\/\/www.gym-karvina.cz\/?page_id=1710","title":{"rendered":"01 IVT \u2013 Hardware"},"content":{"rendered":"\n<ul class=\"wp-block-list\">\n<li><a href=\"https:\/\/www.gym-karvina.cz\/wp-content\/uploads\/2024\/03\/vy_32_inovace_01-01generace_pocitacu.ppt\" data-type=\"attachment\" data-id=\"1148\"><strong>01-01 (generace po\u010d\u00edta\u010d\u016f)<\/strong><\/a> &#8211; ppt prezentace, 3.19 MB<\/li>\n\n\n\n<li><a href=\"https:\/\/www.gym-karvina.cz\/wp-content\/uploads\/2024\/03\/vy_32_inovace_01-03opticka_pamet.ppt\" data-type=\"attachment\" data-id=\"1149\"><strong>01-03 (optick\u00e1 pam\u011b\u0165)<\/strong><\/a> &#8211; ppt prezentace, 0.76 MB<\/li>\n\n\n\n<li><a href=\"https:\/\/www.gym-karvina.cz\/wp-content\/uploads\/2024\/03\/vy_32_inovace_01-05pocitacova_pamet.ppt\" data-type=\"attachment\" data-id=\"1150\"><strong>01-05 (po\u010d\u00edta\u010dov\u00e1 pam\u011b\u0165)<\/strong><\/a> &#8211; ppt prezentace, 0.35 MB<\/li>\n\n\n\n<li><a href=\"https:\/\/www.gym-karvina.cz\/wp-content\/uploads\/2024\/03\/vy_32_inovace_01-07mikroprocesor.ppt\" data-type=\"attachment\" data-id=\"1151\"><strong>01-07 (mikroprocesor)<\/strong><\/a> &#8211; ppt prezentace, 2.35 MB<\/li>\n\n\n\n<li><strong><a href=\"https:\/\/www.gym-karvina.cz\/wp-content\/uploads\/2024\/03\/vy_32_inovace_01-09pocitacova_sit.ppt\" data-type=\"attachment\" data-id=\"1152\">01-09 (po\u010d\u00edta\u010dov\u00e1 s\u00ed\u0165)<\/a><\/strong> &#8211; ppt prezentace, 5.06 MB<\/li>\n\n\n\n<li><strong><a href=\"https:\/\/www.gym-karvina.cz\/wp-content\/uploads\/2024\/03\/vy_32_inovace_01-11signal_-_digi_zarizeni.ppt\" data-type=\"attachment\" data-id=\"1153\">01-11 (sign\u00e1l + digit\u00e1ln\u00ed za\u0159\u00edzen\u00ed)<\/a><\/strong> &#8211; ppt prezentace, 1.36 MB<\/li>\n\n\n\n<li><strong><a href=\"https:\/\/www.gym-karvina.cz\/wp-content\/uploads\/2024\/03\/vy_32_inovace_01-13vstupni_zarizeni.ppt\" data-type=\"attachment\" data-id=\"1154\">01-13 (vstupn\u00ed za\u0159\u00edzen\u00ed)<\/a><\/strong> &#8211; ppt prezentace, 0.48 MB<\/li>\n\n\n\n<li><strong><a href=\"https:\/\/www.gym-karvina.cz\/wp-content\/uploads\/2024\/03\/vy_32_inovace_01-15vystupni_zarizeni.ppt\" data-type=\"attachment\" data-id=\"1155\">01-15 (v\u00fdstupn\u00ed za\u0159\u00edzen\u00ed)<\/a><\/strong> &#8211; ppt prezentace, 1.79 MB<\/li>\n\n\n\n<li><strong><a href=\"https:\/\/www.gym-karvina.cz\/wp-content\/uploads\/2024\/03\/vy_32_inovace_01-17tiskarny.ppt\" data-type=\"attachment\" data-id=\"1156\">01-17 (tisk\u00e1rny)<\/a><\/strong> &#8211; ppt prezentace, 0.97 MB<\/li>\n\n\n\n<li><strong><a href=\"https:\/\/www.gym-karvina.cz\/wp-content\/uploads\/2024\/03\/vy_32_inovace_01-19digitalni_fotoaparat.ppt\" data-type=\"attachment\" data-id=\"1157\">01-19 (digit\u00e1ln\u00ed fotoapar\u00e1t)<\/a><\/strong> &#8211; ppt prezentace, 3.62 MB<\/li>\n\n\n\n<li><a href=\"https:\/\/www.gym-karvina.cz\/wp-content\/uploads\/2024\/03\/01-zaznamovy_arch_a_anotace.pdf\" data-type=\"attachment\" data-id=\"1147\" target=\"_blank\" rel=\"noreferrer noopener\"><strong>Z\u00e1znamov\u00fd arch a anotace<\/strong><\/a> &#8211; pdf soubor, 0.17 MB<\/li>\n<\/ul>\n","protected":false},"excerpt":{"rendered":"","protected":false},"author":1,"featured_media":0,"parent":0,"menu_order":0,"comment_status":"closed","ping_status":"closed","template":"","meta":{"footnotes":""},"class_list":["post-1710","page","type-page","status-publish","hentry"],"_links":{"self":[{"href":"https:\/\/www.gym-karvina.cz\/index.php?rest_route=\/wp\/v2\/pages\/1710","targetHints":{"allow":["GET"]}}],"collection":[{"href":"https:\/\/www.gym-karvina.cz\/index.php?rest_route=\/wp\/v2\/pages"}],"about":[{"href":"https:\/\/www.gym-karvina.cz\/index.php?rest_route=\/wp\/v2\/types\/page"}],"author":[{"embeddable":true,"href":"https:\/\/www.gym-karvina.cz\/index.php?rest_route=\/wp\/v2\/users\/1"}],"replies":[{"embeddable":true,"href":"https:\/\/www.gym-karvina.cz\/index.php?rest_route=%2Fwp%2Fv2%2Fcomments&post=1710"}],"version-history":[{"count":7,"href":"https:\/\/www.gym-karvina.cz\/index.php?rest_route=\/wp\/v2\/pages\/1710\/revisions"}],"predecessor-version":[{"id":1760,"href":"https:\/\/www.gym-karvina.cz\/index.php?rest_route=\/wp\/v2\/pages\/1710\/revisions\/1760"}],"wp:attachment":[{"href":"https:\/\/www.gym-karvina.cz\/index.php?rest_route=%2Fwp%2Fv2%2Fmedia&parent=1710"}],"curies":[{"name":"wp","href":"https:\/\/api.w.org\/{rel}","templated":true}]}}