{"id":1761,"date":"2024-03-06T12:35:39","date_gmt":"2024-03-06T11:35:39","guid":{"rendered":"https:\/\/www.gymplka.cz\/?page_id=1761"},"modified":"2024-03-06T12:35:39","modified_gmt":"2024-03-06T11:35:39","slug":"03-bi-zoologie","status":"publish","type":"page","link":"https:\/\/www.gym-karvina.cz\/?page_id=1761","title":{"rendered":"03 BI \u2013 Zoologie"},"content":{"rendered":"\n<ul class=\"wp-block-list\">\n<li><strong><a href=\"https:\/\/www.gym-karvina.cz\/wp-content\/uploads\/2024\/03\/vy_32_inovace_03-01zivbunka.ppt\" data-type=\"attachment\" data-id=\"1159\">03-01 (\u017eivo\u010di\u0161n\u00e1 bu\u0148ka)<\/a><\/strong> &#8211; ppt prezentace, 0.59 MB<\/li>\n\n\n\n<li><strong><a href=\"https:\/\/www.gym-karvina.cz\/wp-content\/uploads\/2024\/03\/vy_32_inovace_03-03protista.ppt\" data-type=\"attachment\" data-id=\"1160\">03-03 (protista)<\/a><\/strong> &#8211; ppt prezentace, 0.31 MB<\/li>\n\n\n\n<li><strong><a href=\"https:\/\/www.gym-karvina.cz\/wp-content\/uploads\/2024\/03\/vy_32_inovace_03-05prsbic.ppt\" data-type=\"attachment\" data-id=\"1161\">03-05 (protist\u00e9 s bi\u010d\u00edky)<\/a><\/strong> &#8211; ppt prezentace, 0.47 MB<\/li>\n\n\n\n<li><strong><a href=\"https:\/\/www.gym-karvina.cz\/wp-content\/uploads\/2024\/03\/vy_32_inovace_03-07prsalv_i.ppt\" data-type=\"attachment\" data-id=\"1162\">03-07 (protist\u00e9 s alveolami I)<\/a><\/strong> &#8211; ppt prezentace, 0.38 MB<\/li>\n\n\n\n<li><strong><a href=\"https:\/\/www.gym-karvina.cz\/wp-content\/uploads\/2024\/03\/vy_32_inovace_03-09prsalv_ii.ppt\" data-type=\"attachment\" data-id=\"1163\">03-09 (protist\u00e9 s alveolami II)<\/a><\/strong> &#8211; ppt prezentace, 0.38 MB<\/li>\n\n\n\n<li><strong><a href=\"https:\/\/www.gym-karvina.cz\/wp-content\/uploads\/2024\/03\/vy_32_inovace_03-11prsscbi.ppt\" data-type=\"attachment\" data-id=\"1164\">03-11 (protist\u00e9 s chlupat\u00fdm bi\u010d\u00edkem I)<\/a><\/strong> &#8211; ppt prezentace, 0.27 MB<\/li>\n\n\n\n<li><strong><a href=\"https:\/\/www.gym-karvina.cz\/wp-content\/uploads\/2024\/03\/vy_32_inovace_03-13potscbii.ppt\" data-type=\"attachment\" data-id=\"1165\">03-13 (protist\u00e9 s chlupat\u00fdm bi\u010d\u00edkem II)<\/a><\/strong> &#8211; ppt prezentace, 0.35 MB<\/li>\n\n\n\n<li><strong><a href=\"https:\/\/www.gym-karvina.cz\/wp-content\/uploads\/2024\/03\/vy_32_inovace_03-15potscbiii.ppt\" data-type=\"attachment\" data-id=\"1166\">03-15 (protist\u00e9 s chlupat\u00fdm bi\u010d\u00edkem III)<\/a><\/strong> &#8211; ppt prezentace, 0.59 MB<\/li>\n\n\n\n<li><strong><a href=\"https:\/\/www.gym-karvina.cz\/wp-content\/uploads\/2024\/03\/vy_32_inovace_03-17potspa.ppt\" data-type=\"attachment\" data-id=\"1167\">03-17 (protist\u00e9 s pano\u017ekami)<\/a><\/strong> &#8211; ppt prezentace, 0.61 MB<\/li>\n\n\n\n<li><strong><a href=\"https:\/\/www.gym-karvina.cz\/wp-content\/uploads\/2024\/03\/vy_32_inovace_03-19zivrise.ppt\" data-type=\"attachment\" data-id=\"1168\">03-19 (\u017eivo\u010di\u0161n\u00e1 \u0159\u00ed\u0161e)<\/a><\/strong> &#8211; ppt prezentace, 0.41 MB<\/li>\n\n\n\n<li><strong><a href=\"https:\/\/www.gym-karvina.cz\/wp-content\/uploads\/2024\/03\/03-zaznamovy_arch_a_anotace.pdf\" target=\"_blank\" rel=\"noreferrer noopener\">Z\u00e1znamov\u00fd arch a anotace<\/a><\/strong> &#8211; pdf soubor, 0.17 MB<\/li>\n<\/ul>\n","protected":false},"excerpt":{"rendered":"","protected":false},"author":1,"featured_media":0,"parent":0,"menu_order":0,"comment_status":"closed","ping_status":"closed","template":"","meta":{"footnotes":""},"class_list":["post-1761","page","type-page","status-publish","hentry"],"_links":{"self":[{"href":"https:\/\/www.gym-karvina.cz\/index.php?rest_route=\/wp\/v2\/pages\/1761","targetHints":{"allow":["GET"]}}],"collection":[{"href":"https:\/\/www.gym-karvina.cz\/index.php?rest_route=\/wp\/v2\/pages"}],"about":[{"href":"https:\/\/www.gym-karvina.cz\/index.php?rest_route=\/wp\/v2\/types\/page"}],"author":[{"embeddable":true,"href":"https:\/\/www.gym-karvina.cz\/index.php?rest_route=\/wp\/v2\/users\/1"}],"replies":[{"embeddable":true,"href":"https:\/\/www.gym-karvina.cz\/index.php?rest_route=%2Fwp%2Fv2%2Fcomments&post=1761"}],"version-history":[{"count":1,"href":"https:\/\/www.gym-karvina.cz\/index.php?rest_route=\/wp\/v2\/pages\/1761\/revisions"}],"predecessor-version":[{"id":1762,"href":"https:\/\/www.gym-karvina.cz\/index.php?rest_route=\/wp\/v2\/pages\/1761\/revisions\/1762"}],"wp:attachment":[{"href":"https:\/\/www.gym-karvina.cz\/index.php?rest_route=%2Fwp%2Fv2%2Fmedia&parent=1761"}],"curies":[{"name":"wp","href":"https:\/\/api.w.org\/{rel}","templated":true}]}}