{"id":2846,"date":"2024-08-24T17:26:59","date_gmt":"2024-08-24T15:26:59","guid":{"rendered":"https:\/\/www.gym-karvina.cz\/?page_id=2846"},"modified":"2024-08-27T14:51:52","modified_gmt":"2024-08-27T12:51:52","slug":"21-m-pravdepodobnost-statistika","status":"publish","type":"page","link":"https:\/\/www.gym-karvina.cz\/?page_id=2846","title":{"rendered":"21 M &#8211; Pravd\u011bpodobnost, statistika"},"content":{"rendered":"\n<ul class=\"wp-block-list\">\n<li><strong><a href=\"https:\/\/www.gym-karvina.cz\/wp-content\/uploads\/2024\/08\/vy_32_inovace_21-01.pptx\" data-type=\"attachment\" data-id=\"2851\">21-01 (pravd\u011bpodobnost 1 &#8211; \u00favod)<\/a><\/strong> &#8211; pptx prezentace, 0.17 MB<\/li>\n\n\n\n<li><strong><a href=\"https:\/\/www.gym-karvina.cz\/wp-content\/uploads\/2024\/08\/vy_32_inovace_21-02.pptx\" data-type=\"attachment\" data-id=\"2852\">21-02 (pravd\u011bpodobnost 2 &#8211; definice)<\/a><\/strong> &#8211; pptx prezentace, 0.73 MB<\/li>\n\n\n\n<li><strong><a href=\"https:\/\/www.gym-karvina.cz\/wp-content\/uploads\/2024\/08\/vy_32_inovace_21-03.pptx\" data-type=\"attachment\" data-id=\"2853\">21-03 (pravd\u011bpodobnost 3 &#8211; procvi\u010den\u00ed)<\/a><\/strong> &#8211; pptx prezentace, 1.52 MB<\/li>\n\n\n\n<li><strong><a href=\"https:\/\/www.gym-karvina.cz\/wp-content\/uploads\/2024\/08\/vy_32_inovace_21-04_.pptx\" data-type=\"attachment\" data-id=\"2854\">21-04 (pravd\u011bpodobnost 4 &#8211; geometrick\u00e1)<\/a><\/strong> &#8211; pptx prezentace, 0.8 MB<\/li>\n\n\n\n<li><strong><a href=\"https:\/\/www.gym-karvina.cz\/wp-content\/uploads\/2024\/08\/vy_32_inovace_21-05.pptx\" data-type=\"attachment\" data-id=\"2855\">21-05 (pravd\u011bpodobnost 5 &#8211; disjunktn\u00ed jevy)<\/a><\/strong> &#8211; pptx prezentace, 0.77 MB<\/li>\n\n\n\n<li><strong><a href=\"https:\/\/www.gym-karvina.cz\/wp-content\/uploads\/2024\/08\/vy_32_inovace_21-06.pptx\" data-type=\"attachment\" data-id=\"2856\">21-06 (z\u00e1sobn\u00edk \u00faloh, opakovac\u00ed lekce)<\/a><\/strong> &#8211; pptx prezentace, 1 MB<\/li>\n\n\n\n<li><strong><a href=\"https:\/\/www.gym-karvina.cz\/wp-content\/uploads\/2024\/08\/vy_32_inovace_21-07.pptx\" data-type=\"attachment\" data-id=\"2857\">21-07 (pravd\u011bpodobnost 7 &#8211; podm\u00edn\u011bn\u00e1)<\/a><\/strong> &#8211; pptx prezentace, 0.73 MB<\/li>\n\n\n\n<li><strong><a href=\"https:\/\/www.gym-karvina.cz\/wp-content\/uploads\/2024\/08\/vy_32_inovace_21-08.pptx\" data-type=\"attachment\" data-id=\"2858\">21-08 (pravd\u011bpodobnost 8 &#8211; podm\u00edn\u011bn\u00e1 II)<\/a><\/strong> &#8211; pptx prezentace, 0.48 MB<\/li>\n\n\n\n<li><strong><a href=\"https:\/\/www.gym-karvina.cz\/wp-content\/uploads\/2024\/08\/vy_32_inovace_21-09_.pptx\" data-type=\"attachment\" data-id=\"2859\">21-09 (pravd\u011bpodobnost 9 &#8211; nez\u00e1visl\u00e9 jevy)<\/a><\/strong> &#8211; pptx prezentace, 0.6 MB<\/li>\n\n\n\n<li><strong><a href=\"https:\/\/www.gym-karvina.cz\/wp-content\/uploads\/2024\/08\/vy_32_inovace_21-10.pptx\" data-type=\"attachment\" data-id=\"2860\">21-10 (shrnut\u00ed lekc\u00ed 1-8)<\/a><\/strong> &#8211; pptx prezentace, 0.15 MB<\/li>\n\n\n\n<li><strong><a href=\"https:\/\/www.gym-karvina.cz\/wp-content\/uploads\/2024\/08\/vy_32_inovace_21-11.pptx\" data-type=\"attachment\" data-id=\"2861\">21-11 (pravd\u011bpodobnost 10 &#8211; binomick\u00e9 rozd\u011blen\u00ed)<\/a><\/strong> &#8211; pptx prezentace, 0.68 MB<\/li>\n\n\n\n<li><strong><a href=\"https:\/\/www.gym-karvina.cz\/wp-content\/uploads\/2024\/08\/vy_32_inovace_21-12.pptx\" data-type=\"attachment\" data-id=\"2862\">21-12 (pravd\u011bpodobnost 11 &#8211; Bernoulliho sch\u00e9ma)<\/a><\/strong> &#8211; pptx prezentace, 0.63 MB<\/li>\n\n\n\n<li><strong><a href=\"https:\/\/www.gym-karvina.cz\/wp-content\/uploads\/2024\/08\/vy_32_inovace_21-13.pptx\" data-type=\"attachment\" data-id=\"2863\">21-13 (pravd\u011bpodobnost 12 &#8211; grafick\u00e9 syst\u00e9my)<\/a><\/strong> &#8211; pptx prezentace, 0.45 MB<\/li>\n\n\n\n<li><strong><a href=\"https:\/\/www.gym-karvina.cz\/wp-content\/uploads\/2024\/08\/vy_32_inovace_21-14.pptx\" data-type=\"attachment\" data-id=\"2864\">21-14 (shrnut\u00ed lekc\u00ed 9-10)<\/a><\/strong> &#8211; pptx prezentace, 0.5 MB<\/li>\n\n\n\n<li><strong><a href=\"https:\/\/www.gym-karvina.cz\/wp-content\/uploads\/2024\/08\/vy_32_inovace_21-15.pptx\" data-type=\"attachment\" data-id=\"2865\">21-15 (statistika 1 &#8211; z\u00e1kladn\u00ed pojmy)<\/a><\/strong> &#8211; pptx prezentace, 0.42 MB<\/li>\n\n\n\n<li><strong><a href=\"https:\/\/www.gym-karvina.cz\/wp-content\/uploads\/2024\/08\/vy_32_inovace_21-16.pptx\" data-type=\"attachment\" data-id=\"2866\">21-16 (statistika 2 &#8211; pr\u016fm\u011bry)<\/a><\/strong> &#8211; pptx prezentace, 0.42 MB<\/li>\n\n\n\n<li><strong><a href=\"https:\/\/www.gym-karvina.cz\/wp-content\/uploads\/2024\/08\/vy_32_inovace_21-17.pptx\" data-type=\"attachment\" data-id=\"2867\">21-17 (shrnut\u00ed lekc\u00ed 10-12)<\/a><\/strong> &#8211; pptx prezentace, 0.41 MB<\/li>\n\n\n\n<li><strong><a href=\"https:\/\/www.gym-karvina.cz\/wp-content\/uploads\/2024\/08\/vy_32_inovace_21-18.pptx\" data-type=\"attachment\" data-id=\"2868\">21-18 (statistika 3 &#8211; variabilita souboru)<\/a><\/strong> &#8211; pptx prezentace, 0.45 MB<\/li>\n\n\n\n<li><strong><a href=\"https:\/\/www.gym-karvina.cz\/wp-content\/uploads\/2024\/08\/vy_32_inovace_21-19.pptx\" data-type=\"attachment\" data-id=\"2869\">21-19 (statistika 4 &#8211; korelace)<\/a><\/strong> &#8211; pptx prezentace, 0.61 MB<\/li>\n\n\n\n<li><strong><a href=\"https:\/\/www.gym-karvina.cz\/wp-content\/uploads\/2024\/08\/vy_32_inovace_21-20.pptx\" data-type=\"attachment\" data-id=\"2870\">21-20 (statistika 5 &#8211; percentil)<\/a><\/strong> &#8211; pptx prezentace, 0.16 MB<\/li>\n\n\n\n<li><strong><a href=\"https:\/\/www.gym-karvina.cz\/wp-content\/uploads\/2024\/03\/21-zaznamovy_arch_a_anotace_ma-pravdepodobnost.pdf\" data-type=\"attachment\" data-id=\"1435\">Z\u00e1znamov\u00fd arch a anotace<\/a><\/strong> &#8211; pdf soubor, 0.17 MB<\/li>\n<\/ul>\n","protected":false},"excerpt":{"rendered":"","protected":false},"author":1,"featured_media":0,"parent":0,"menu_order":0,"comment_status":"closed","ping_status":"closed","template":"","meta":{"footnotes":""},"class_list":["post-2846","page","type-page","status-publish","hentry"],"_links":{"self":[{"href":"https:\/\/www.gym-karvina.cz\/index.php?rest_route=\/wp\/v2\/pages\/2846","targetHints":{"allow":["GET"]}}],"collection":[{"href":"https:\/\/www.gym-karvina.cz\/index.php?rest_route=\/wp\/v2\/pages"}],"about":[{"href":"https:\/\/www.gym-karvina.cz\/index.php?rest_route=\/wp\/v2\/types\/page"}],"author":[{"embeddable":true,"href":"https:\/\/www.gym-karvina.cz\/index.php?rest_route=\/wp\/v2\/users\/1"}],"replies":[{"embeddable":true,"href":"https:\/\/www.gym-karvina.cz\/index.php?rest_route=%2Fwp%2Fv2%2Fcomments&post=2846"}],"version-history":[{"count":2,"href":"https:\/\/www.gym-karvina.cz\/index.php?rest_route=\/wp\/v2\/pages\/2846\/revisions"}],"predecessor-version":[{"id":2888,"href":"https:\/\/www.gym-karvina.cz\/index.php?rest_route=\/wp\/v2\/pages\/2846\/revisions\/2888"}],"wp:attachment":[{"href":"https:\/\/www.gym-karvina.cz\/index.php?rest_route=%2Fwp%2Fv2%2Fmedia&parent=2846"}],"curies":[{"name":"wp","href":"https:\/\/api.w.org\/{rel}","templated":true}]}}