{"id":337,"date":"2023-11-08T18:16:27","date_gmt":"2023-11-08T17:16:27","guid":{"rendered":"https:\/\/www.gymplka.cz\/?page_id=337"},"modified":"2024-09-06T11:29:22","modified_gmt":"2024-09-06T09:29:22","slug":"volnocasove-aktivity","status":"publish","type":"page","link":"https:\/\/www.gym-karvina.cz\/?page_id=337","title":{"rendered":"Volno\u010dasov\u00e9 aktivity"},"content":{"rendered":"\n<div class=\"wp-block-columns is-layout-flex wp-container-core-columns-is-layout-9d6595d7 wp-block-columns-is-layout-flex\">\n<div class=\"wp-block-column is-layout-flow wp-block-column-is-layout-flow\" style=\"flex-basis:75%\">\n<p>\u017d\u00e1k\u016fm jsou nab\u00edzeny krou\u017eky, kde se mohou rozv\u00edjet v obl\u00edben\u00e9m oboru a vyplnit tak voln\u00fd \u010das.<\/p>\n\n\n\n<p>Tyto aktivity jsou nab\u00edzeny \u017e\u00e1k\u016fm na za\u010d\u00e1tku \u0161koln\u00edho roku prost\u0159ednictv\u00edm u\u010ditel\u016f, kte\u0159\u00ed tyto krou\u017eky vedou a jedn\u00e1 se o tyto krou\u017eky:<\/p>\n<\/div>\n\n\n\n<div class=\"wp-block-column is-layout-flow wp-block-column-is-layout-flow\" style=\"flex-basis:25%\">\n<figure class=\"wp-block-image size-full is-resized\"><img loading=\"lazy\" decoding=\"async\" width=\"267\" height=\"150\" src=\"https:\/\/www.gym-karvina.cz\/wp-content\/uploads\/2024\/03\/blueberries-3537980_1920.jpg\" alt=\"\" class=\"wp-image-2101\" style=\"width:230px;height:auto\" srcset=\"https:\/\/www.gym-karvina.cz\/wp-content\/uploads\/2024\/03\/blueberries-3537980_1920.jpg 267w, https:\/\/www.gym-karvina.cz\/wp-content\/uploads\/2024\/03\/blueberries-3537980_1920-24x13.jpg 24w, https:\/\/www.gym-karvina.cz\/wp-content\/uploads\/2024\/03\/blueberries-3537980_1920-36x20.jpg 36w, https:\/\/www.gym-karvina.cz\/wp-content\/uploads\/2024\/03\/blueberries-3537980_1920-48x27.jpg 48w\" sizes=\"auto, (max-width: 267px) 100vw, 267px\" \/><\/figure>\n<\/div>\n<\/div>\n\n\n\n<ul class=\"wp-block-list\">\n<li>Environment\u00e1ln\u00ed krou\u017eek GLOBE (v\u00edce informac\u00ed <a href=\"https:\/\/www.gym-karvina.cz\/?page_id=2517\" data-type=\"page\" data-id=\"2517\">zde<\/a>)<\/li>\n\n\n\n<li>DofE (v\u00edce informac\u00ed <a href=\"https:\/\/www.gym-karvina.cz\/?page_id=2573\" data-type=\"page\" data-id=\"2573\">zde<\/a>)<\/li>\n\n\n\n<li>Polytechnick\u00fd krou\u017eek \u2013 elektrotechnick\u00e9 stavebnice, robotika, PASCO<\/li>\n\n\n\n<li>Krou\u017eek 3D tisku<\/li>\n\n\n\n<li>V\u00fdtvarn\u00fd krou\u017eek<\/li>\n\n\n\n<li>Krou\u017eek psan\u00ed metodou deseti prsty<\/li>\n\n\n\n<li>Krou\u017eek sportovn\u00edch her<\/li>\n<\/ul>\n\n\n\n<p>V\u0161echny krou\u017eky se t\u011b\u0161\u00ed z\u00e1jmu na\u0161ich \u017e\u00e1k\u016f a jsou veden\u00e9 na\u0161imi zku\u0161en\u00fdmi pedagogy, kte\u0159\u00ed jsou z\u00e1rukou obsahov\u00e9 kvality t\u011bchto krou\u017ek\u016f.<\/p>\n\n\n\n<hr class=\"wp-block-separator has-alpha-channel-opacity\"\/>\n\n\n<ul class=\"wp-block-latest-posts__list is-grid columns-3 has-dates has-author wp-block-latest-posts\"><li><div class=\"wp-block-latest-posts__featured-image alignleft\"><img loading=\"lazy\" decoding=\"async\" width=\"150\" height=\"150\" src=\"https:\/\/www.gym-karvina.cz\/wp-content\/uploads\/2024\/07\/ma_logo_blue-150x150.png\" class=\"attachment-thumbnail size-thumbnail wp-post-image\" alt=\"\" style=\"max-width:75px;max-height:75px;\" srcset=\"https:\/\/www.gym-karvina.cz\/wp-content\/uploads\/2024\/07\/ma_logo_blue-150x150.png 150w, https:\/\/www.gym-karvina.cz\/wp-content\/uploads\/2024\/07\/ma_logo_blue-80x80.png 80w\" sizes=\"auto, (max-width: 150px) 100vw, 150px\" \/><\/div><a class=\"wp-block-latest-posts__post-title\" href=\"https:\/\/www.gym-karvina.cz\/?p=3268\">Matematick\u00fd krou\u017eek jede d\u00e1l<\/a><div class=\"wp-block-latest-posts__post-author\">Autor: HS<\/div><time datetime=\"2024-09-12T08:40:55+02:00\" class=\"wp-block-latest-posts__post-date\">12. 9. 2024<\/time><\/li>\n<\/ul>","protected":false},"excerpt":{"rendered":"<p>\u017d\u00e1k\u016fm jsou nab\u00edzeny krou\u017eky, kde se mohou rozv\u00edjet v obl\u00edben\u00e9m oboru a vyplnit tak voln\u00fd \u010das. Tyto aktivity jsou nab\u00edzeny \u017e\u00e1k\u016fm na za\u010d\u00e1tku \u0161koln\u00edho roku prost\u0159ednictv\u00edm u\u010ditel\u016f, kte\u0159\u00ed tyto krou\u017eky vedou a jedn\u00e1 se o&#46;&#46;&#46;<\/p>\n","protected":false},"author":1,"featured_media":0,"parent":0,"menu_order":0,"comment_status":"closed","ping_status":"closed","template":"","meta":{"footnotes":""},"class_list":["post-337","page","type-page","status-publish","hentry"],"_links":{"self":[{"href":"https:\/\/www.gym-karvina.cz\/index.php?rest_route=\/wp\/v2\/pages\/337","targetHints":{"allow":["GET"]}}],"collection":[{"href":"https:\/\/www.gym-karvina.cz\/index.php?rest_route=\/wp\/v2\/pages"}],"about":[{"href":"https:\/\/www.gym-karvina.cz\/index.php?rest_route=\/wp\/v2\/types\/page"}],"author":[{"embeddable":true,"href":"https:\/\/www.gym-karvina.cz\/index.php?rest_route=\/wp\/v2\/users\/1"}],"replies":[{"embeddable":true,"href":"https:\/\/www.gym-karvina.cz\/index.php?rest_route=%2Fwp%2Fv2%2Fcomments&post=337"}],"version-history":[{"count":10,"href":"https:\/\/www.gym-karvina.cz\/index.php?rest_route=\/wp\/v2\/pages\/337\/revisions"}],"predecessor-version":[{"id":3201,"href":"https:\/\/www.gym-karvina.cz\/index.php?rest_route=\/wp\/v2\/pages\/337\/revisions\/3201"}],"wp:attachment":[{"href":"https:\/\/www.gym-karvina.cz\/index.php?rest_route=%2Fwp%2Fv2%2Fmedia&parent=337"}],"curies":[{"name":"wp","href":"https:\/\/api.w.org\/{rel}","templated":true}]}}