{"id":409,"date":"2023-12-05T13:34:41","date_gmt":"2023-12-05T12:34:41","guid":{"rendered":"https:\/\/www.gymplka.cz\/?page_id=409"},"modified":"2024-05-15T20:29:38","modified_gmt":"2024-05-15T18:29:38","slug":"francouzsky-jazyk","status":"publish","type":"page","link":"https:\/\/www.gym-karvina.cz\/?page_id=409","title":{"rendered":"Francouzsk\u00fd jazyk"},"content":{"rendered":"\n<blockquote class=\"wp-block-quote is-layout-flow wp-block-quote-is-layout-flow\">\n<p>V\u00edt\u00e1me V\u00e1s na str\u00e1nk\u00e1ch francouzsk\u00e9ho jazyka<\/p>\n<\/blockquote>\n\n\n\n<h4 class=\"wp-block-heading\">P\u0159edm\u011btov\u00e1 komise<\/h4>\n\n\n\n<figure class=\"wp-block-table is-style-regular\"><table><tbody><tr><td class=\"has-text-align-left\" data-align=\"left\">Mgr. Radka Dr\u00e1bov\u00e1<\/td><td class=\"has-text-align-left\" data-align=\"left\"><a href=\"mailto:radka.drabova@gym-karvina.cz\">radka.drabova@gym-karvina.cz<\/a><\/td><\/tr><\/tbody><\/table><\/figure>\n\n\n\n<div class=\"wp-block-group\"><div class=\"wp-block-group__inner-container is-layout-constrained wp-block-group-is-layout-constrained\"><ul class=\"wp-block-latest-posts__list info wp-block-latest-posts\"><\/ul><\/div><\/div>\n","protected":false},"excerpt":{"rendered":"<p>V\u00edt\u00e1me V\u00e1s na str\u00e1nk\u00e1ch francouzsk\u00e9ho jazyka P\u0159edm\u011btov\u00e1 komise Mgr. Radka Dr\u00e1bov\u00e1 radka.drabova@gym-karvina.cz<\/p>\n","protected":false},"author":1,"featured_media":0,"parent":0,"menu_order":0,"comment_status":"closed","ping_status":"closed","template":"","meta":{"footnotes":""},"class_list":["post-409","page","type-page","status-publish","hentry"],"_links":{"self":[{"href":"https:\/\/www.gym-karvina.cz\/index.php?rest_route=\/wp\/v2\/pages\/409","targetHints":{"allow":["GET"]}}],"collection":[{"href":"https:\/\/www.gym-karvina.cz\/index.php?rest_route=\/wp\/v2\/pages"}],"about":[{"href":"https:\/\/www.gym-karvina.cz\/index.php?rest_route=\/wp\/v2\/types\/page"}],"author":[{"embeddable":true,"href":"https:\/\/www.gym-karvina.cz\/index.php?rest_route=\/wp\/v2\/users\/1"}],"replies":[{"embeddable":true,"href":"https:\/\/www.gym-karvina.cz\/index.php?rest_route=%2Fwp%2Fv2%2Fcomments&post=409"}],"version-history":[{"count":23,"href":"https:\/\/www.gym-karvina.cz\/index.php?rest_route=\/wp\/v2\/pages\/409\/revisions"}],"predecessor-version":[{"id":2299,"href":"https:\/\/www.gym-karvina.cz\/index.php?rest_route=\/wp\/v2\/pages\/409\/revisions\/2299"}],"wp:attachment":[{"href":"https:\/\/www.gym-karvina.cz\/index.php?rest_route=%2Fwp%2Fv2%2Fmedia&parent=409"}],"curies":[{"name":"wp","href":"https:\/\/api.w.org\/{rel}","templated":true}]}}