{"id":411,"date":"2023-12-05T13:36:53","date_gmt":"2023-12-05T12:36:53","guid":{"rendered":"https:\/\/www.gymplka.cz\/?page_id=411"},"modified":"2025-10-22T13:51:32","modified_gmt":"2025-10-22T11:51:32","slug":"nemecky-jazyk","status":"publish","type":"page","link":"https:\/\/www.gym-karvina.cz\/?page_id=411","title":{"rendered":"N\u011bmeck\u00fd jazyk"},"content":{"rendered":"\n<blockquote class=\"wp-block-quote is-layout-flow wp-block-quote-is-layout-flow\">\n<p><i>Nat\u00fcrlicher Verstand kann fast jeden Grad von Bildung ersetzen, aber keine Bildung den nat\u00fcrlichen Verstand.<\/i>  <\/p>\n\n\n\n<p>&#8211; Arthur Schopenhauer<\/p>\n<\/blockquote>\n\n\n\n<h4 class=\"wp-block-heading\">P\u0159edm\u011btov\u00e1 komise<\/h4>\n\n\n\n<figure class=\"wp-block-table is-style-regular\"><table><tbody><tr><td class=\"has-text-align-left\" data-align=\"left\"><em>P\u0159edsedkyn\u011b:<\/em> Mgr. \u0160\u00e1rka Nakl\u00e1dalov\u00e1<\/td><td class=\"has-text-align-left\" data-align=\"left\"><a href=\"mailto:sarka.nakladalova@gym-karvina.cz\">sarka.nakladalova@gym-karvina.cz<\/a><\/td><\/tr><tr><td class=\"has-text-align-left\" data-align=\"left\">Mgr. Milo\u0161 Ku\u010dera<\/td><td class=\"has-text-align-left\" data-align=\"left\"><a href=\"mailto:milos.kucera@gym-karvina.cz\">milos.kucera@gym-karvina.cz<\/a><\/td><\/tr><tr><td class=\"has-text-align-left\" data-align=\"left\">Mgr. Milena Foksov\u00e1<\/td><td class=\"has-text-align-left\" data-align=\"left\"><a href=\"mailto:milena.foksova@gym-karvina.cz\">milena.foksova@gym-karvina.cz<\/a><\/td><\/tr><tr><td class=\"has-text-align-left\" data-align=\"left\">Mgr. Julie Jankov\u00e1,\u00a0 Ph.D. <\/td><td class=\"has-text-align-left\" data-align=\"left\"><a href=\"mailto:julie.jankova@gym-karvina.cz\" target=\"_blank\" rel=\"noreferrer noopener\">julie.jankova@gym-karvina.cz<\/a><\/td><\/tr><\/tbody><\/table><\/figure>\n\n\n<ul class=\"wp-block-latest-posts__list is-grid columns-3 has-dates wp-block-latest-posts\"><li><div class=\"wp-block-latest-posts__featured-image alignleft\"><a href=\"https:\/\/www.gym-karvina.cz\/?p=5675\" aria-label=\"EXKURZE DO RAKOUSKA\"><img loading=\"lazy\" decoding=\"async\" width=\"150\" height=\"150\" src=\"https:\/\/www.gym-karvina.cz\/wp-content\/uploads\/2025\/09\/Untitled-1-150x150.png\" class=\"attachment-thumbnail size-thumbnail wp-post-image\" alt=\"\" style=\"max-width:113px;max-height:113px;\" srcset=\"https:\/\/www.gym-karvina.cz\/wp-content\/uploads\/2025\/09\/Untitled-1-150x150.png 150w, https:\/\/www.gym-karvina.cz\/wp-content\/uploads\/2025\/09\/Untitled-1-80x80.png 80w, https:\/\/www.gym-karvina.cz\/wp-content\/uploads\/2025\/09\/Untitled-1-24x24.png 24w, https:\/\/www.gym-karvina.cz\/wp-content\/uploads\/2025\/09\/Untitled-1-36x36.png 36w, https:\/\/www.gym-karvina.cz\/wp-content\/uploads\/2025\/09\/Untitled-1-48x48.png 48w, https:\/\/www.gym-karvina.cz\/wp-content\/uploads\/2025\/09\/Untitled-1.png 250w\" sizes=\"auto, (max-width: 150px) 100vw, 150px\" \/><\/a><\/div><a class=\"wp-block-latest-posts__post-title\" href=\"https:\/\/www.gym-karvina.cz\/?p=5675\">EXKURZE DO RAKOUSKA<\/a><time datetime=\"2025-09-14T22:35:22+02:00\" class=\"wp-block-latest-posts__post-date\">14. 9. 2025<\/time><\/li>\n<li><div class=\"wp-block-latest-posts__featured-image alignleft\"><a href=\"https:\/\/www.gym-karvina.cz\/?p=4709\" aria-label=\"Jazykov\u00e1 animace pro primu \u2013 Deutsch macht Spa\u00df\"><img loading=\"lazy\" decoding=\"async\" width=\"150\" height=\"150\" src=\"https:\/\/www.gym-karvina.cz\/wp-content\/uploads\/2025\/03\/Nemcina_2025_01_w150.jpg\" class=\"attachment-thumbnail size-thumbnail wp-post-image\" alt=\"\" style=\"max-width:113px;max-height:113px;\" srcset=\"https:\/\/www.gym-karvina.cz\/wp-content\/uploads\/2025\/03\/Nemcina_2025_01_w150.jpg 150w, https:\/\/www.gym-karvina.cz\/wp-content\/uploads\/2025\/03\/Nemcina_2025_01_w150-80x80.jpg 80w, https:\/\/www.gym-karvina.cz\/wp-content\/uploads\/2025\/03\/Nemcina_2025_01_w150-24x24.jpg 24w, https:\/\/www.gym-karvina.cz\/wp-content\/uploads\/2025\/03\/Nemcina_2025_01_w150-36x36.jpg 36w, https:\/\/www.gym-karvina.cz\/wp-content\/uploads\/2025\/03\/Nemcina_2025_01_w150-48x48.jpg 48w\" sizes=\"auto, (max-width: 150px) 100vw, 150px\" \/><\/a><\/div><a class=\"wp-block-latest-posts__post-title\" href=\"https:\/\/www.gym-karvina.cz\/?p=4709\">Jazykov\u00e1 animace pro primu \u2013 Deutsch macht Spa\u00df<\/a><time datetime=\"2025-03-19T06:22:44+01:00\" class=\"wp-block-latest-posts__post-date\">19. 3. 2025<\/time><\/li>\n<li><div class=\"wp-block-latest-posts__featured-image alignleft\"><a href=\"https:\/\/www.gym-karvina.cz\/?p=4643\" aria-label=\"\u00dasp\u011bchy na\u0161ich germanist\u016f\"><img loading=\"lazy\" decoding=\"async\" width=\"150\" height=\"150\" src=\"https:\/\/www.gym-karvina.cz\/wp-content\/uploads\/2025\/02\/nj2025-150x150.jpg\" class=\"attachment-thumbnail size-thumbnail wp-post-image\" alt=\"\" style=\"max-width:113px;max-height:113px;\" srcset=\"https:\/\/www.gym-karvina.cz\/wp-content\/uploads\/2025\/02\/nj2025-150x150.jpg 150w, https:\/\/www.gym-karvina.cz\/wp-content\/uploads\/2025\/02\/nj2025-80x80.jpg 80w, https:\/\/www.gym-karvina.cz\/wp-content\/uploads\/2025\/02\/nj2025-320x320.jpg 320w\" sizes=\"auto, (max-width: 150px) 100vw, 150px\" \/><\/a><\/div><a class=\"wp-block-latest-posts__post-title\" href=\"https:\/\/www.gym-karvina.cz\/?p=4643\">\u00dasp\u011bchy na\u0161ich germanist\u016f<\/a><time datetime=\"2025-02-28T06:08:13+01:00\" class=\"wp-block-latest-posts__post-date\">28. 2. 2025<\/time><\/li>\n<\/ul>","protected":false},"excerpt":{"rendered":"<p>Nat\u00fcrlicher Verstand kann fast jeden Grad von Bildung ersetzen, aber keine Bildung den nat\u00fcrlichen Verstand. &#8211; Arthur Schopenhauer P\u0159edm\u011btov\u00e1 komise P\u0159edsedkyn\u011b: Mgr. \u0160\u00e1rka Nakl\u00e1dalov\u00e1 sarka.nakladalova@gym-karvina.cz Mgr. Milo\u0161 Ku\u010dera milos.kucera@gym-karvina.cz Mgr. Milena Foksov\u00e1 milena.foksova@gym-karvina.cz Mgr. Julie&#46;&#46;&#46;<\/p>\n","protected":false},"author":1,"featured_media":0,"parent":0,"menu_order":0,"comment_status":"closed","ping_status":"closed","template":"","meta":{"footnotes":""},"class_list":["post-411","page","type-page","status-publish","hentry"],"_links":{"self":[{"href":"https:\/\/www.gym-karvina.cz\/index.php?rest_route=\/wp\/v2\/pages\/411","targetHints":{"allow":["GET"]}}],"collection":[{"href":"https:\/\/www.gym-karvina.cz\/index.php?rest_route=\/wp\/v2\/pages"}],"about":[{"href":"https:\/\/www.gym-karvina.cz\/index.php?rest_route=\/wp\/v2\/types\/page"}],"author":[{"embeddable":true,"href":"https:\/\/www.gym-karvina.cz\/index.php?rest_route=\/wp\/v2\/users\/1"}],"replies":[{"embeddable":true,"href":"https:\/\/www.gym-karvina.cz\/index.php?rest_route=%2Fwp%2Fv2%2Fcomments&post=411"}],"version-history":[{"count":12,"href":"https:\/\/www.gym-karvina.cz\/index.php?rest_route=\/wp\/v2\/pages\/411\/revisions"}],"predecessor-version":[{"id":5834,"href":"https:\/\/www.gym-karvina.cz\/index.php?rest_route=\/wp\/v2\/pages\/411\/revisions\/5834"}],"wp:attachment":[{"href":"https:\/\/www.gym-karvina.cz\/index.php?rest_route=%2Fwp%2Fv2%2Fmedia&parent=411"}],"curies":[{"name":"wp","href":"https:\/\/api.w.org\/{rel}","templated":true}]}}