{"id":423,"date":"2023-12-05T13:41:04","date_gmt":"2023-12-05T12:41:04","guid":{"rendered":"https:\/\/www.gymplka.cz\/?page_id=423"},"modified":"2026-02-09T09:49:39","modified_gmt":"2026-02-09T08:49:39","slug":"chemie","status":"publish","type":"page","link":"https:\/\/www.gym-karvina.cz\/?page_id=423","title":{"rendered":"Chemie"},"content":{"rendered":"\n<blockquote class=\"wp-block-quote is-layout-flow wp-block-quote-is-layout-flow\">\n<p>O minulosti pojedn\u00e1v\u00e1 d\u011bjepis, o z\u00edt\u0159ku rozhoduje chemie<\/p>\n<\/blockquote>\n\n\n\n<h4 class=\"wp-block-heading\">P\u0159edm\u011btov\u00e1 komise<\/h4>\n\n\n\n<figure class=\"wp-block-table is-style-regular\"><table><tbody><tr><td class=\"has-text-align-left\" data-align=\"left\">Mgr. Petra Brz\u00f3skov\u00e1<\/td><td class=\"has-text-align-left\" data-align=\"left\"><a href=\"mailto:petra.brzoskova@gym-karvina.cz\">petra.brzoskova@gym-karvina.cz<\/a><\/td><\/tr><tr><td class=\"has-text-align-left\" data-align=\"left\">Mgr. Ji\u0159ina Machancov\u00e1<\/td><td class=\"has-text-align-left\" data-align=\"left\"><a href=\"mailto:jirina.machancova@gym-karvina.cz\">jirina.machancova@gym-karvina.cz<\/a><\/td><\/tr><tr><td class=\"has-text-align-left\" data-align=\"left\">Mgr. Nat\u00e1lie Czernekov\u00e1<\/td><td class=\"has-text-align-left\" data-align=\"left\"><a href=\"mailto:natalie.czernekova@gym-karvina.cz\">natalie.czernekova@gym-karvina.cz<\/a><\/td><\/tr><\/tbody><\/table><\/figure>\n\n\n\n<div class=\"wp-block-columns is-layout-flex wp-container-core-columns-is-layout-9d6595d7 wp-block-columns-is-layout-flex\">\n<div class=\"wp-block-column is-layout-flow wp-block-column-is-layout-flow\">\n<h4 class=\"wp-block-heading\"><\/h4>\n\n\n\n<p><\/p>\n<\/div>\n\n\n\n<div class=\"wp-block-column is-layout-flow wp-block-column-is-layout-flow\">\n<h4 class=\"wp-block-heading\"><\/h4>\n\n\n\n<p><\/p>\n<\/div>\n<\/div>\n","protected":false},"excerpt":{"rendered":"<p>O minulosti pojedn\u00e1v\u00e1 d\u011bjepis, o z\u00edt\u0159ku rozhoduje chemie P\u0159edm\u011btov\u00e1 komise Mgr. Petra Brz\u00f3skov\u00e1 petra.brzoskova@gym-karvina.cz Mgr. Ji\u0159ina Machancov\u00e1 jirina.machancova@gym-karvina.cz Mgr. Nat\u00e1lie Czernekov\u00e1 natalie.czernekova@gym-karvina.cz<\/p>\n","protected":false},"author":1,"featured_media":0,"parent":0,"menu_order":0,"comment_status":"closed","ping_status":"closed","template":"","meta":{"footnotes":""},"class_list":["post-423","page","type-page","status-publish","hentry"],"_links":{"self":[{"href":"https:\/\/www.gym-karvina.cz\/index.php?rest_route=\/wp\/v2\/pages\/423","targetHints":{"allow":["GET"]}}],"collection":[{"href":"https:\/\/www.gym-karvina.cz\/index.php?rest_route=\/wp\/v2\/pages"}],"about":[{"href":"https:\/\/www.gym-karvina.cz\/index.php?rest_route=\/wp\/v2\/types\/page"}],"author":[{"embeddable":true,"href":"https:\/\/www.gym-karvina.cz\/index.php?rest_route=\/wp\/v2\/users\/1"}],"replies":[{"embeddable":true,"href":"https:\/\/www.gym-karvina.cz\/index.php?rest_route=%2Fwp%2Fv2%2Fcomments&post=423"}],"version-history":[{"count":6,"href":"https:\/\/www.gym-karvina.cz\/index.php?rest_route=\/wp\/v2\/pages\/423\/revisions"}],"predecessor-version":[{"id":6688,"href":"https:\/\/www.gym-karvina.cz\/index.php?rest_route=\/wp\/v2\/pages\/423\/revisions\/6688"}],"wp:attachment":[{"href":"https:\/\/www.gym-karvina.cz\/index.php?rest_route=%2Fwp%2Fv2%2Fmedia&parent=423"}],"curies":[{"name":"wp","href":"https:\/\/api.w.org\/{rel}","templated":true}]}}