{"id":429,"date":"2023-12-05T13:42:25","date_gmt":"2023-12-05T12:42:25","guid":{"rendered":"https:\/\/www.gymplka.cz\/?page_id=429"},"modified":"2025-02-26T10:14:21","modified_gmt":"2025-02-26T09:14:21","slug":"dejepis","status":"publish","type":"page","link":"https:\/\/www.gym-karvina.cz\/?page_id=429","title":{"rendered":"D\u011bjepis"},"content":{"rendered":"\n<h4 class=\"wp-block-heading\">P\u0159edm\u011btov\u00e1 komise<\/h4>\n\n\n\n<figure class=\"wp-block-table is-style-regular\"><table><tbody><tr><td class=\"has-text-align-left\" data-align=\"left\">Mgr. Martin Brz\u00f3ska<\/td><td class=\"has-text-align-left\" data-align=\"left\"><a href=\"mailto:martin.brzoska@gym-karvina.cz\">martin.brzoska@gym-karvina.cz<\/a><\/td><\/tr><tr><td class=\"has-text-align-left\" data-align=\"left\">Mgr. Drahom\u00edra Gajdo\u0161\u00edkov\u00e1<\/td><td class=\"has-text-align-left\" data-align=\"left\"><a href=\"mailto:drahomira.gajdosikova@gym-karvina.cz\">drahomira.gajdosikova@gym-karvina.cz<\/a><\/td><\/tr><tr><td class=\"has-text-align-left\" data-align=\"left\">Mgr. Tom\u00e1\u0161 Flori\u00e1n<\/td><td class=\"has-text-align-left\" data-align=\"left\"><a href=\"mailto:tomas.florian@gym-karvina.cz\">tomas.florian@gym-karvina.cz<\/a><\/td><\/tr><tr><td class=\"has-text-align-left\" data-align=\"left\">Mgr. Julie Jankov\u00e1<\/td><td class=\"has-text-align-left\" data-align=\"left\"><a href=\"mailto:julie.jankova@gym-karvina.cz\">julie.jankova@gym-karvina.cz<\/a><\/td><\/tr><tr><td class=\"has-text-align-left\" data-align=\"left\">Mgr. Natalia Pustowka<\/td><td class=\"has-text-align-left\" data-align=\"left\"><a href=\"mailto:julie.jankova@gym-karvina.cz\">natalia.pustowka@gym-karvina.cz<\/a><\/td><\/tr><tr><td class=\"has-text-align-left\" data-align=\"left\">Mgr. Jakub Sn\u00e1\u0161el<\/td><td class=\"has-text-align-left\" data-align=\"left\"><a href=\"mailto:jakub.snasel@gym-karvina.cz\">jakub.snasel@gym-karvina.cz<\/a><\/td><\/tr><tr><td class=\"has-text-align-left\" data-align=\"left\">Mgr. Olga Neugebauerov\u00e1 (latina)<\/td><td class=\"has-text-align-left\" data-align=\"left\"><a href=\"mailto:olga.neugebauerova@gym-karvina.cz\">olga.neugebauerova@gym-karvina.cz<\/a><\/td><\/tr><\/tbody><\/table><\/figure>\n\n\n<ul class=\"wp-block-latest-posts__list is-grid columns-3 has-dates wp-block-latest-posts\"><li><a class=\"wp-block-latest-posts__post-title\" href=\"https:\/\/www.gym-karvina.cz\/?p=3051\">U\u010debnice<\/a><time datetime=\"2024-09-02T12:26:02+02:00\" class=\"wp-block-latest-posts__post-date\">2. 9. 2024<\/time><\/li>\n<li><a class=\"wp-block-latest-posts__post-title\" href=\"https:\/\/www.gym-karvina.cz\/?p=3047\">Internetov\u00e9 odkazy a studijn\u00ed materi\u00e1ly<\/a><time datetime=\"2024-09-02T12:17:20+02:00\" class=\"wp-block-latest-posts__post-date\">2. 9. 2024<\/time><\/li>\n<\/ul>","protected":false},"excerpt":{"rendered":"<p>P\u0159edm\u011btov\u00e1 komise Mgr. Martin Brz\u00f3ska martin.brzoska@gym-karvina.cz Mgr. Drahom\u00edra Gajdo\u0161\u00edkov\u00e1 drahomira.gajdosikova@gym-karvina.cz Mgr. Tom\u00e1\u0161 Flori\u00e1n tomas.florian@gym-karvina.cz Mgr. Julie Jankov\u00e1 julie.jankova@gym-karvina.cz Mgr. Natalia Pustowka natalia.pustowka@gym-karvina.cz Mgr. Jakub Sn\u00e1\u0161el jakub.snasel@gym-karvina.cz Mgr. Olga Neugebauerov\u00e1 (latina) olga.neugebauerova@gym-karvina.cz<\/p>\n","protected":false},"author":1,"featured_media":0,"parent":0,"menu_order":0,"comment_status":"closed","ping_status":"closed","template":"","meta":{"footnotes":""},"class_list":["post-429","page","type-page","status-publish","hentry"],"_links":{"self":[{"href":"https:\/\/www.gym-karvina.cz\/index.php?rest_route=\/wp\/v2\/pages\/429","targetHints":{"allow":["GET"]}}],"collection":[{"href":"https:\/\/www.gym-karvina.cz\/index.php?rest_route=\/wp\/v2\/pages"}],"about":[{"href":"https:\/\/www.gym-karvina.cz\/index.php?rest_route=\/wp\/v2\/types\/page"}],"author":[{"embeddable":true,"href":"https:\/\/www.gym-karvina.cz\/index.php?rest_route=\/wp\/v2\/users\/1"}],"replies":[{"embeddable":true,"href":"https:\/\/www.gym-karvina.cz\/index.php?rest_route=%2Fwp%2Fv2%2Fcomments&post=429"}],"version-history":[{"count":15,"href":"https:\/\/www.gym-karvina.cz\/index.php?rest_route=\/wp\/v2\/pages\/429\/revisions"}],"predecessor-version":[{"id":4633,"href":"https:\/\/www.gym-karvina.cz\/index.php?rest_route=\/wp\/v2\/pages\/429\/revisions\/4633"}],"wp:attachment":[{"href":"https:\/\/www.gym-karvina.cz\/index.php?rest_route=%2Fwp%2Fv2%2Fmedia&parent=429"}],"curies":[{"name":"wp","href":"https:\/\/api.w.org\/{rel}","templated":true}]}}