{"id":488,"date":"2023-12-05T14:10:27","date_gmt":"2023-12-05T13:10:27","guid":{"rendered":"https:\/\/www.gymplka.cz\/?page_id=488"},"modified":"2023-12-05T14:11:10","modified_gmt":"2023-12-05T13:11:10","slug":"von-unserer-schule","status":"publish","type":"page","link":"https:\/\/www.gym-karvina.cz\/?page_id=488","title":{"rendered":"Von Unserer Schule"},"content":{"rendered":"\n<p>Das ist das Gymnasium Karvin\u00e1, eine allgemeinbildende Mittelschule. Auf den ersten Blick nichts Besonderes. Ein gew\u00f6hnliches Schulgeb\u00e4ude mit einem Sportplatz, der zum Sport ausgenutzt wird. Wegen starken Regens und schlechten Abflusses wurde er fr\u00fcher \u00fcberflutet, aber heute ist der Sportplatz wieder rekonstruiert.<\/p>\n\n\n\n<figure class=\"wp-block-image size-full\"><img loading=\"lazy\" decoding=\"async\" width=\"300\" height=\"149\" src=\"https:\/\/www.gym-karvina.cz\/wp-content\/uploads\/2023\/12\/schon.jpg\" alt=\"\" class=\"wp-image-489\" srcset=\"https:\/\/www.gym-karvina.cz\/wp-content\/uploads\/2023\/12\/schon.jpg 300w, https:\/\/www.gym-karvina.cz\/wp-content\/uploads\/2023\/12\/schon-24x12.jpg 24w, https:\/\/www.gym-karvina.cz\/wp-content\/uploads\/2023\/12\/schon-36x18.jpg 36w, https:\/\/www.gym-karvina.cz\/wp-content\/uploads\/2023\/12\/schon-48x24.jpg 48w\" sizes=\"auto, (max-width: 300px) 100vw, 300px\" \/><\/figure>\n\n\n\n<p><\/p>\n\n\n\n<p>Aber kommen Sie n\u00e4her! Sie k\u00f6nnen etwa 600 junge talentierte zuk\u00fcnftige \u00c4rzte, K\u00fcnstler, Sportler, Politiker, Lehrer, Ingenieure, einfach gesagt Experte aller Bereiche sehen. Dieses wird nach Ergebnissen unserer Sch\u00fcler in verschiedenen Wettbewerben unter anderen Schulen in der Stadt, der Region, der Tschechischen Republik oder sogar in Mitteleuropa beurteilt. Besonders erfolgreich sind die Sch\u00fcler in Mathematik, Informatik und Sport. Ab und zu erscheint ein Erfolg auch in Fremdsprachen oder Tschechisch.<\/p>\n\n\n\n<p>Jeder in der Schule muss Englisch lernen. Und auch Ihnen ist bestimmt eine Sache klar, wenn man etwas machen muss, macht es einem meistens keinen Spa\u00df. Aber jeder wei\u00df auch, dass Englisch heute die wichtigste Weltsprache ist. Deshalb beklagt sich niemand. Au\u00dfer Englisch w\u00e4hlen sich unsere Sch\u00fcler die zweite Fremdsprache aus. An unserem Gymnasium k\u00f6nnen sie noch Deutsch, Franz\u00f6sisch, Spanisch oder Russisch lernen. Das Fremdsprachenlernen kann schwierig und manchmal auch langweilig sein. Man muss viele Vokabeln, Grammatikregeln, Aussprache und Rechtschreibung lernen. Au\u00dferdem muss man auch Landeskunde ein bisschen kennen lernen, das hei\u00dft Geographie, Geschichte, Literatur, Politik, Lebensweise&nbsp; oder interessante Orte der L\u00e4nder, deren Sprache man lernt. Zum Gl\u00fcck gibt es ein paar M\u00f6glichkeiten, wie man den Unterricht angenehmer macht. Die Sch\u00fcler k\u00f6nnen w\u00e4hrend des Studiums einige L\u00e4nder besuchen, z. B. England, die Schweiz, \u00d6sterreich, Frankreich oder Spanien. Auch wenn die Fremdsprachen nicht das Wichtigste an unserer Schule sind, sind diese Exkursionen unter unseren Sch\u00fcler sehr beliebt, obwohl es nur um ein paar Tage im Ausland geht. Wenn sie nur l\u00e4nger bleiben k\u00f6nnten, als nur so kurze Zeit\u2026<\/p>\n","protected":false},"excerpt":{"rendered":"<p>Das ist das Gymnasium Karvin\u00e1, eine allgemeinbildende Mittelschule. Auf den ersten Blick nichts Besonderes. Ein gew\u00f6hnliches Schulgeb\u00e4ude mit einem Sportplatz, der zum Sport ausgenutzt wird. Wegen starken Regens und schlechten Abflusses wurde er fr\u00fcher \u00fcberflutet,&#46;&#46;&#46;<\/p>\n","protected":false},"author":1,"featured_media":0,"parent":0,"menu_order":0,"comment_status":"closed","ping_status":"closed","template":"","meta":{"footnotes":""},"class_list":["post-488","page","type-page","status-publish","hentry"],"_links":{"self":[{"href":"https:\/\/www.gym-karvina.cz\/index.php?rest_route=\/wp\/v2\/pages\/488","targetHints":{"allow":["GET"]}}],"collection":[{"href":"https:\/\/www.gym-karvina.cz\/index.php?rest_route=\/wp\/v2\/pages"}],"about":[{"href":"https:\/\/www.gym-karvina.cz\/index.php?rest_route=\/wp\/v2\/types\/page"}],"author":[{"embeddable":true,"href":"https:\/\/www.gym-karvina.cz\/index.php?rest_route=\/wp\/v2\/users\/1"}],"replies":[{"embeddable":true,"href":"https:\/\/www.gym-karvina.cz\/index.php?rest_route=%2Fwp%2Fv2%2Fcomments&post=488"}],"version-history":[{"count":1,"href":"https:\/\/www.gym-karvina.cz\/index.php?rest_route=\/wp\/v2\/pages\/488\/revisions"}],"predecessor-version":[{"id":490,"href":"https:\/\/www.gym-karvina.cz\/index.php?rest_route=\/wp\/v2\/pages\/488\/revisions\/490"}],"wp:attachment":[{"href":"https:\/\/www.gym-karvina.cz\/index.php?rest_route=%2Fwp%2Fv2%2Fmedia&parent=488"}],"curies":[{"name":"wp","href":"https:\/\/api.w.org\/{rel}","templated":true}]}}