{"id":491,"date":"2023-12-05T14:18:04","date_gmt":"2023-12-05T13:18:04","guid":{"rendered":"https:\/\/www.gymplka.cz\/?page_id=491"},"modified":"2023-12-05T14:19:30","modified_gmt":"2023-12-05T13:19:30","slug":"sur-notre-ecole","status":"publish","type":"page","link":"https:\/\/www.gym-karvina.cz\/?page_id=491","title":{"rendered":"Sur notre \u00e9cole"},"content":{"rendered":"\n<p>Voici le Gymn\u00e1zium Karvin\u00e1, une \u00e9cole secondaire du caract\u00e8re de lyc\u00e9e. Au premier coup d\u2018oeil&nbsp; rien de sp\u00e9cial \u2013 une \u00e9cole ordinaire en forme d&#8217;un b\u00e2timent avec un terrain de sport qui \u00e9tait bien ad\u00e9quat pour l&#8217;\u00e9ducation physique avant d&#8217;\u00eatre inond\u00e9 par de fortes pluies \u00e0 cause du mauvais drainage.<\/p>\n\n\n\n<figure class=\"wp-block-image size-full\"><img loading=\"lazy\" decoding=\"async\" width=\"300\" height=\"225\" src=\"https:\/\/www.gym-karvina.cz\/wp-content\/uploads\/2023\/12\/paris3.jpg\" alt=\"\" class=\"wp-image-492\" srcset=\"https:\/\/www.gym-karvina.cz\/wp-content\/uploads\/2023\/12\/paris3.jpg 300w, https:\/\/www.gym-karvina.cz\/wp-content\/uploads\/2023\/12\/paris3-24x18.jpg 24w, https:\/\/www.gym-karvina.cz\/wp-content\/uploads\/2023\/12\/paris3-36x27.jpg 36w, https:\/\/www.gym-karvina.cz\/wp-content\/uploads\/2023\/12\/paris3-48x36.jpg 48w\" sizes=\"auto, (max-width: 300px) 100vw, 300px\" \/><\/figure>\n\n\n\n<p><\/p>\n\n\n\n<p>Mais approchez-vous et voil\u00e0 \u00e0 peu pr\u00e8s 600 jeunes m\u00e9decins, artistes, sportifs, politiciens, professeurs, ing\u00e9nieurs, bri\u00e8vement sp\u00e9cialistes de tous les genres. En jugeant d&#8217;apr\u00e8s les r\u00e9sultats de divers concours parmi les \u00e9coles dans la ville, dans la r\u00e9gion, en R\u00e9publique Tch\u00e9que ou m\u00eame en Europe centrale, leurs meilleures mati\u00e8res sont les math\u00e9matiques, l&#8217;informatique et les sports. N\u00e9anmoins de temps en temps ils y apparaissent aussi des succ\u00e8s remarquables en langues. Chacun est oblig\u00e9 d\u2018\u00e9tudier l&#8217;anglais.<\/p>\n\n\n\n<p>Et vous savez \u2013 si l&#8217;on est oblig\u00e9 de faire quelque chose, on ne l&#8217;aime pas d&#8217;habitude. Mais il est bien connu que l&#8217;anglais est la langue la plus importante d&#8217;aujourd&#8217;hui, donc personne ne s&#8217;en plaint. Et de plus il y a encore une autre langue que les \u00e9l\u00e8ves doivent \u00e9tudier \u2013 l&#8217;allemand, l&#8217;espagnol ou le fran\u00e7ais. L&#8217;\u00e9tude des langues peut \u00eatre bien difficile et emb\u00eatante \u2013 le vocabulaire, les r\u00e8gles grammaticales, la prononciation, l&#8217;orthographe, le potassement des faits sur les pays o\u00f9 la langue particuli\u00e8re est parl\u00e9e (la g\u00e9ographie, l&#8217;histoire, la litt\u00e9rature, les lieux int\u00e9ressants, la fa\u00e7on de vivre, le syst\u00e8me du gouvernement etc.). Heureusement, il y a des possibilit\u00e9s comment faire cela un peu plus supportable. Plus ou moins r\u00e9guli\u00e8rement les \u00e9tudiants peuvent visiter l&#8217;Autriche, l&#8217;Angleterre, la France, l&#8217;Espagne, la Suisse. Franchement, les langues n&#8217;y jouent pas toujours un r\u00f4le important mais quand m\u00eame (ou plut\u00f4t pour cette raison ?) ces excursions sont tr\u00e8s populaires parmi les \u00e9tudiants. Si seulement ils pouvaient y passer beaucoup plus de temps que les quelques jours!<\/p>\n","protected":false},"excerpt":{"rendered":"<p>Voici le Gymn\u00e1zium Karvin\u00e1, une \u00e9cole secondaire du caract\u00e8re de lyc\u00e9e. Au premier coup d\u2018oeil&nbsp; rien de sp\u00e9cial \u2013 une \u00e9cole ordinaire en forme d&#8217;un b\u00e2timent avec un terrain de sport qui \u00e9tait bien ad\u00e9quat&#46;&#46;&#46;<\/p>\n","protected":false},"author":1,"featured_media":0,"parent":0,"menu_order":0,"comment_status":"closed","ping_status":"closed","template":"","meta":{"footnotes":""},"class_list":["post-491","page","type-page","status-publish","hentry"],"_links":{"self":[{"href":"https:\/\/www.gym-karvina.cz\/index.php?rest_route=\/wp\/v2\/pages\/491","targetHints":{"allow":["GET"]}}],"collection":[{"href":"https:\/\/www.gym-karvina.cz\/index.php?rest_route=\/wp\/v2\/pages"}],"about":[{"href":"https:\/\/www.gym-karvina.cz\/index.php?rest_route=\/wp\/v2\/types\/page"}],"author":[{"embeddable":true,"href":"https:\/\/www.gym-karvina.cz\/index.php?rest_route=\/wp\/v2\/users\/1"}],"replies":[{"embeddable":true,"href":"https:\/\/www.gym-karvina.cz\/index.php?rest_route=%2Fwp%2Fv2%2Fcomments&post=491"}],"version-history":[{"count":1,"href":"https:\/\/www.gym-karvina.cz\/index.php?rest_route=\/wp\/v2\/pages\/491\/revisions"}],"predecessor-version":[{"id":493,"href":"https:\/\/www.gym-karvina.cz\/index.php?rest_route=\/wp\/v2\/pages\/491\/revisions\/493"}],"wp:attachment":[{"href":"https:\/\/www.gym-karvina.cz\/index.php?rest_route=%2Fwp%2Fv2%2Fmedia&parent=491"}],"curies":[{"name":"wp","href":"https:\/\/api.w.org\/{rel}","templated":true}]}}