{"id":494,"date":"2023-12-05T14:20:34","date_gmt":"2023-12-05T13:20:34","guid":{"rendered":"https:\/\/www.gymplka.cz\/?page_id=494"},"modified":"2023-12-05T14:20:35","modified_gmt":"2023-12-05T13:20:35","slug":"sobre-nuestra-escuela","status":"publish","type":"page","link":"https:\/\/www.gym-karvina.cz\/?page_id=494","title":{"rendered":"Sobre nuestra escuela"},"content":{"rendered":"\n<p>\u00c9ste es el Gymn\u00e1zium Karvin\u00e1, una escuela secundaria a la manera del liceo. A primera vista nada especial \u2013 una escuela ordinaria de forma de un edificio con cancha deportiva que era muy apropiada para la educaci\u00f3n f\u00edsica antes de ser inundada debido a fuertes lluvias y mal desag\u00fce.<\/p>\n\n\n\n<figure class=\"wp-block-image size-full\"><img loading=\"lazy\" decoding=\"async\" width=\"200\" height=\"300\" src=\"https:\/\/www.gym-karvina.cz\/wp-content\/uploads\/2023\/12\/barcelona2.jpg\" alt=\"\" class=\"wp-image-495\" srcset=\"https:\/\/www.gym-karvina.cz\/wp-content\/uploads\/2023\/12\/barcelona2.jpg 200w, https:\/\/www.gym-karvina.cz\/wp-content\/uploads\/2023\/12\/barcelona2-16x24.jpg 16w, https:\/\/www.gym-karvina.cz\/wp-content\/uploads\/2023\/12\/barcelona2-24x36.jpg 24w, https:\/\/www.gym-karvina.cz\/wp-content\/uploads\/2023\/12\/barcelona2-32x48.jpg 32w\" sizes=\"auto, (max-width: 200px) 100vw, 200px\" \/><\/figure>\n\n\n\n<p><\/p>\n\n\n\n<p>Pero ac\u00e9rquense y ver\u00e1n a unos 600 j\u00f3venes y talentosos m\u00e9dicos, artistas, deportistas, pol\u00edticos, profesores, ingenieros, en pocas palabras, peritos de todos los g\u00e9neros. A juzgar por los resultados en diversas competiciones entre las escuelas en la ciudad, en la regi\u00f3n, en la Rep\u00fablica Checa o incluso en Europa Central, sus mejores asignaturas son las matem\u00e1ticas, la inform\u00e1tica y los deportes. Sin embargo, de vez en cuando aparecen tambi\u00e9n remarcables \u00e9xitos en lenguas. Cada uno est\u00e1 obligado a estudiar el ingl\u00e9s.<\/p>\n\n\n\n<p>Ya saben, si uno est\u00e1 obligado a hacer algo, habitualmente no le gusta hacerlo. Pero todo el mundo sabe que el ingl\u00e9s es la lengua m\u00e1s importante hoy en d\u00eda, pues nadie se queja. Hay un idioma m\u00e1s que los alumnos tienen que estudiar \u2013 el alem\u00e1n, el espa\u00f1ol o el franc\u00e9s. El estudio de lenguas sabe ser bastante dif\u00edcil y aburrido \u2013 vocabulario, reglas gramaticales, pronunciaci\u00f3n, ortograf\u00eda, empollamiento de factos sobre los pa\u00edses donde la lengua particular se habla (la geograf\u00eda, la historia, la literatura, los lugares interesantes, el modo de vivir, el sistema del gobierno, entre otros). Afortunadamente, hay maneras c\u00f3mo hacer eso un poco m\u00e1s soportable. Con mayor o menor regularidad los estudiantes tienen la oportunidad de visitar Austria, Inglaterra, Francia, Espa\u00f1a, Suiza. Dicho verdad, las lenguas no juegan un papel importante all\u00ed pero a pesar de eso (\u00bfo quiz\u00e1 por eso?) estas excursiones son muy populares por entre los estudiantes. \u00a1Ojal\u00e1 pudieran quedarse mucho m\u00e1s tiempo all\u00ed que los pocos d\u00edas!<\/p>\n","protected":false},"excerpt":{"rendered":"<p>\u00c9ste es el Gymn\u00e1zium Karvin\u00e1, una escuela secundaria a la manera del liceo. A primera vista nada especial \u2013 una escuela ordinaria de forma de un edificio con cancha deportiva que era muy apropiada para&#46;&#46;&#46;<\/p>\n","protected":false},"author":1,"featured_media":0,"parent":0,"menu_order":0,"comment_status":"closed","ping_status":"closed","template":"","meta":{"footnotes":""},"class_list":["post-494","page","type-page","status-publish","hentry"],"_links":{"self":[{"href":"https:\/\/www.gym-karvina.cz\/index.php?rest_route=\/wp\/v2\/pages\/494","targetHints":{"allow":["GET"]}}],"collection":[{"href":"https:\/\/www.gym-karvina.cz\/index.php?rest_route=\/wp\/v2\/pages"}],"about":[{"href":"https:\/\/www.gym-karvina.cz\/index.php?rest_route=\/wp\/v2\/types\/page"}],"author":[{"embeddable":true,"href":"https:\/\/www.gym-karvina.cz\/index.php?rest_route=\/wp\/v2\/users\/1"}],"replies":[{"embeddable":true,"href":"https:\/\/www.gym-karvina.cz\/index.php?rest_route=%2Fwp%2Fv2%2Fcomments&post=494"}],"version-history":[{"count":1,"href":"https:\/\/www.gym-karvina.cz\/index.php?rest_route=\/wp\/v2\/pages\/494\/revisions"}],"predecessor-version":[{"id":496,"href":"https:\/\/www.gym-karvina.cz\/index.php?rest_route=\/wp\/v2\/pages\/494\/revisions\/496"}],"wp:attachment":[{"href":"https:\/\/www.gym-karvina.cz\/index.php?rest_route=%2Fwp%2Fv2%2Fmedia&parent=494"}],"curies":[{"name":"wp","href":"https:\/\/api.w.org\/{rel}","templated":true}]}}