{"id":500,"date":"2023-12-05T14:26:16","date_gmt":"2023-12-05T13:26:16","guid":{"rendered":"https:\/\/www.gymplka.cz\/?page_id=500"},"modified":"2023-12-05T14:26:17","modified_gmt":"2023-12-05T13:26:17","slug":"sulla-nostra-scuola","status":"publish","type":"page","link":"https:\/\/www.gym-karvina.cz\/?page_id=500","title":{"rendered":"Sulla nostra scuola"},"content":{"rendered":"\n<figure class=\"wp-block-image size-full\"><img loading=\"lazy\" decoding=\"async\" width=\"300\" height=\"200\" src=\"https:\/\/www.gym-karvina.cz\/wp-content\/uploads\/2023\/12\/roma.jpg\" alt=\"\" class=\"wp-image-501\" srcset=\"https:\/\/www.gym-karvina.cz\/wp-content\/uploads\/2023\/12\/roma.jpg 300w, https:\/\/www.gym-karvina.cz\/wp-content\/uploads\/2023\/12\/roma-24x16.jpg 24w, https:\/\/www.gym-karvina.cz\/wp-content\/uploads\/2023\/12\/roma-36x24.jpg 36w, https:\/\/www.gym-karvina.cz\/wp-content\/uploads\/2023\/12\/roma-48x32.jpg 48w\" sizes=\"auto, (max-width: 300px) 100vw, 300px\" \/><\/figure>\n\n\n\n<p><\/p>\n\n\n\n<p>Ecco il Gymn\u00e1zium Karvin\u00e1, una scuola secondaria al modo di liceo. Al primo sguardo niente di speciale \u2013 una scuola ordinaria come un palazzo con campo sportivo che era molto adatto per l&#8217;educazione fisica prima di essere inondato a causa di forti piogge e di cattivo drenaggio.<\/p>\n\n\n\n<p>Ma avvicinatevi ed ecco circa 600 giovani e talentosi futuri medici, artisti, atleti, politici, professori, ingegneri, in poche parole, esperti di ogni genere. A giudicare dai risultati delle diverse concorrenze fra le scuole nella citt\u00e0, nella regione, nella Repubblica Ceca o anche nell&#8217;Europa centrale, le loro migliori materie siano la matematica, l&#8217;informatica e lo sport. Comunque, ci appaiono anche dei notevoli successi in lingue. Ciascuno deve studiare l&#8217;inglese.<\/p>\n\n\n\n<p>E sapete, se uno deve fare qualcosa, di solito non gli piace farlo. Ma tutti sanno che l&#8217;inglese \u00e8 la pi\u00f9 importante lingua d&#8217;oggi, nessuno si lamenta dunque. C&#8217;\u00e8 quindi un&#8217;altra lingua che gli studenti devono studiare \u2013 il tedesco, lo spagnolo o il francese. Lo studio delle lingue pu\u00f2 essere ben difficile e noioso \u2013 il vocabolario, le regole grammaticali, la pronuncia, l&#8217;ortografia, sgobbare i fatti sui paesi dove la lingua particolare si parla (la geografia, la storia, la letteratura, luoghi interessanti, il modo di vivere, il sistema del governo e cos\u00ec via). Fortunatamente ci sono maniere come rendere quello un po&#8216; pi\u00f9 sopportabile. Pi\u00f9 o meno regolarmente gli studenti possono visitare Austria, Inghilterra, Francia, Spagna, Svizzera. Sinceramente, le lingue non ci hanno un ruolo importante, ci\u00f2 nonostante (o forse perci\u00f2?) queste gite sono molto popolari fra gli studenti. Magari potessero passarci pi\u00f9 tempo di quei pochi giorni!<\/p>\n","protected":false},"excerpt":{"rendered":"<p>Ecco il Gymn\u00e1zium Karvin\u00e1, una scuola secondaria al modo di liceo. Al primo sguardo niente di speciale \u2013 una scuola ordinaria come un palazzo con campo sportivo che era molto adatto per l&#8217;educazione fisica prima&#46;&#46;&#46;<\/p>\n","protected":false},"author":1,"featured_media":0,"parent":0,"menu_order":0,"comment_status":"closed","ping_status":"closed","template":"","meta":{"footnotes":""},"class_list":["post-500","page","type-page","status-publish","hentry"],"_links":{"self":[{"href":"https:\/\/www.gym-karvina.cz\/index.php?rest_route=\/wp\/v2\/pages\/500","targetHints":{"allow":["GET"]}}],"collection":[{"href":"https:\/\/www.gym-karvina.cz\/index.php?rest_route=\/wp\/v2\/pages"}],"about":[{"href":"https:\/\/www.gym-karvina.cz\/index.php?rest_route=\/wp\/v2\/types\/page"}],"author":[{"embeddable":true,"href":"https:\/\/www.gym-karvina.cz\/index.php?rest_route=\/wp\/v2\/users\/1"}],"replies":[{"embeddable":true,"href":"https:\/\/www.gym-karvina.cz\/index.php?rest_route=%2Fwp%2Fv2%2Fcomments&post=500"}],"version-history":[{"count":1,"href":"https:\/\/www.gym-karvina.cz\/index.php?rest_route=\/wp\/v2\/pages\/500\/revisions"}],"predecessor-version":[{"id":502,"href":"https:\/\/www.gym-karvina.cz\/index.php?rest_route=\/wp\/v2\/pages\/500\/revisions\/502"}],"wp:attachment":[{"href":"https:\/\/www.gym-karvina.cz\/index.php?rest_route=%2Fwp%2Fv2%2Fmedia&parent=500"}],"curies":[{"name":"wp","href":"https:\/\/api.w.org\/{rel}","templated":true}]}}