{"id":503,"date":"2023-12-05T14:28:04","date_gmt":"2023-12-05T13:28:04","guid":{"rendered":"https:\/\/www.gymplka.cz\/?page_id=503"},"modified":"2023-12-05T14:28:04","modified_gmt":"2023-12-05T13:28:04","slug":"despre-scoala-noastra","status":"publish","type":"page","link":"https:\/\/www.gym-karvina.cz\/?page_id=503","title":{"rendered":"Despre \u0219coala noastr\u0103"},"content":{"rendered":"\n<p>Asta este Gymn\u00e1zium Karvin\u00e1, liceul nostru. Nimic special la prima vedere \u2013 o \u0219coal\u0103 obi\u0219nuit\u0103, o cl\u0103dire cu teren de sport, care fusese adecvat pentru lec\u021bii de gimnastic\u0103 \u00eenainte de a deveni inundat datorit\u0103 ploilor grele \u0219i drenaj.<\/p>\n\n\n\n<figure class=\"wp-block-image size-full\"><img loading=\"lazy\" decoding=\"async\" width=\"223\" height=\"150\" src=\"https:\/\/www.gym-karvina.cz\/wp-content\/uploads\/2023\/12\/gympl2012.jpg\" alt=\"\" class=\"wp-image-505\" srcset=\"https:\/\/www.gym-karvina.cz\/wp-content\/uploads\/2023\/12\/gympl2012.jpg 223w, https:\/\/www.gym-karvina.cz\/wp-content\/uploads\/2023\/12\/gympl2012-24x16.jpg 24w, https:\/\/www.gym-karvina.cz\/wp-content\/uploads\/2023\/12\/gympl2012-36x24.jpg 36w, https:\/\/www.gym-karvina.cz\/wp-content\/uploads\/2023\/12\/gympl2012-48x32.jpg 48w\" sizes=\"auto, (max-width: 223px) 100vw, 223px\" \/><\/figure>\n\n\n\n<p><\/p>\n\n\n\n<p>Dar privind mai \u00eendeaproape \u2013 pute\u021bi s\u0103 vede\u021bi circa 600 de viitori doctori tineri, arti\u0219ti, sportivi, politicieni, \u00eenv\u0103\u021b\u0103tori, ingineri, pe scurt exper\u021bi de toate tipurile. Sunt judeca\u021bi de rezultatele competi\u021biilor \u00eentre \u0219coli \u00een ora\u0219, regiune, Cehia \u0219i Europa central\u0103. Subiectele cele mai bune ale lor sunt matematica, studii de calculatoare \u0219i sporturile. Iar, din c\u00e2nd \u00een c\u00e2nd, un succes \u00een limbii str\u0103ine apare. Fiecare student trebuie s\u0103 studieze limba englez\u0103.<\/p>\n\n\n\n<p>\u0218ti\u021bi \u2013 dac\u0103 trebui\u021bi s\u0103 face\u021bi ceva, de obicei nu v\u0103 place. Dar to\u021bi \u0219tiu c\u0103 engleza este limba cea mai important\u0103 \u0219i nu pl\u00e2ng. Studen\u021bii trebuie s\u0103 studieze m\u0103car o limb\u0103 str\u0103in\u0103 \u2013 german\u0103, francez\u0103, spaniol\u0103 sau rus\u0103. \u00cenv\u0103\u021barea limbilor str\u0103ine poate s\u0103 fie greu \u0219i plictisitor \u2013 vocabularul, gramatica, pronun\u021bia, ortografia, factele despre \u021b\u0103rile unde limbile sunt vorbite (geografia, literatura, istoria, locurile de interes, modul de via\u021b\u0103, sistemul de guvernare et cetera). Din fericire sunt feluri cum s\u0103 facem-o mai u\u0219or. Studen\u021bii pot s\u0103 viziteze Austria, Anglia, Fran\u021ba, Spania sau Elve\u021bia. Pentru a fi sincer, limbile nu sunt cel mai important lucru, dar excursiile acestea sunt foarte preferate. E p\u0103cat c\u0103 nu pot s\u0103 stea acolo mai lung!<\/p>\n","protected":false},"excerpt":{"rendered":"<p>Asta este Gymn\u00e1zium Karvin\u00e1, liceul nostru. Nimic special la prima vedere \u2013 o \u0219coal\u0103 obi\u0219nuit\u0103, o cl\u0103dire cu teren de sport, care fusese adecvat pentru lec\u021bii de gimnastic\u0103 \u00eenainte de a deveni inundat datorit\u0103 ploilor&#46;&#46;&#46;<\/p>\n","protected":false},"author":1,"featured_media":0,"parent":0,"menu_order":0,"comment_status":"closed","ping_status":"closed","template":"","meta":{"footnotes":""},"class_list":["post-503","page","type-page","status-publish","hentry"],"_links":{"self":[{"href":"https:\/\/www.gym-karvina.cz\/index.php?rest_route=\/wp\/v2\/pages\/503","targetHints":{"allow":["GET"]}}],"collection":[{"href":"https:\/\/www.gym-karvina.cz\/index.php?rest_route=\/wp\/v2\/pages"}],"about":[{"href":"https:\/\/www.gym-karvina.cz\/index.php?rest_route=\/wp\/v2\/types\/page"}],"author":[{"embeddable":true,"href":"https:\/\/www.gym-karvina.cz\/index.php?rest_route=\/wp\/v2\/users\/1"}],"replies":[{"embeddable":true,"href":"https:\/\/www.gym-karvina.cz\/index.php?rest_route=%2Fwp%2Fv2%2Fcomments&post=503"}],"version-history":[{"count":1,"href":"https:\/\/www.gym-karvina.cz\/index.php?rest_route=\/wp\/v2\/pages\/503\/revisions"}],"predecessor-version":[{"id":506,"href":"https:\/\/www.gym-karvina.cz\/index.php?rest_route=\/wp\/v2\/pages\/503\/revisions\/506"}],"wp:attachment":[{"href":"https:\/\/www.gym-karvina.cz\/index.php?rest_route=%2Fwp%2Fv2%2Fmedia&parent=503"}],"curies":[{"name":"wp","href":"https:\/\/api.w.org\/{rel}","templated":true}]}}